{"id":319,"date":"2018-10-31T13:29:21","date_gmt":"2018-10-31T11:29:21","guid":{"rendered":"https:\/\/lasvaliimpuidu.ee\/?page_id=319"},"modified":"2021-01-14T14:52:42","modified_gmt":"2021-01-14T12:52:42","slug":"home","status":"publish","type":"page","link":"https:\/\/lasvaliimpuidu.ee\/de\/","title":{"rendered":"Home"},"content":{"rendered":"<p>Lasva Liimpuidu AS wurde 1994 gegr\u00fcndet und liegt im S\u00fcden von Estland<br \/>\nUnsere Produktion ist Kiefer Leimholzlatten, verschiedene M\u00f6belteile wie beispielsweise Tisch-und Schrankplatten, Rahmen f\u00fcr T\u00fcren, Zargen f\u00fcr Schubladen usw. und bereits verpackte M\u00f6bel.<br \/>\nWir verkaufen unsere Produkte haupts\u00e4chlich in Estland, aber auch \u00fcber die Grenze hinweg.<br \/>\nUnsere allgemeinen Qualit\u00e4tskriterien k\u00f6nnen als PDF heruntergeladen werden: <a href=\"https:\/\/lasvaliimpuidu.ee\/wp-content\/uploads\/2018\/08\/kvaliteeditingimused.pdf\" rel=\"noopener noreferrer\" target=\"_blank\">Lasva Liimpuidu AS g\u00fcltige Qualit\u00e4tsbedingungen<\/a>.<\/p>\n<p>Die Lasva Liimpuidu AS hat eine FSC \u2013 Zertifizierung, g\u00fcltig ab dem 12.12.2016 bis zum 11.12.2021.<br \/>\nEntsprechend diesem Unternehmen erf\u00fcllt FSC \u2013 STD \u2013 40 \u2013 004 (Version 3-0) EN und FSC-STD \u2013 50 \u2013 001 (Version 2-0) die FSC Chain of Custody Sertification.<br \/>\nDie Zertifizierungsnummer lautet : SCS-COC-008092<br \/>\nLizenz-Nr.: FSC-C108917<\/p>\n<p>Weitere Informationen zu FSC, finden Sie auf der <a href=\"https:\/\/info.fsc.org\/details.php?id=a024000000835eBAAQ&#038;type=certificate\" rel=\"noopener noreferrer\" target=\"_blank\">Website von FSC International&#8217;s<\/a><\/p>\n","protected":false},"excerpt":{"rendered":"<p>Lasva Liimpuidu AS wurde 1994 gegr\u00fcndet und liegt im S\u00fcden von Estland Unsere Produktion ist Kiefer Leimholzlatten, verschiedene M\u00f6belteile wie beispielsweise Tisch-und Schrankplatten, Rahmen f\u00fcr T\u00fcren, Zargen f\u00fcr Schubladen usw. und bereits verpackte M\u00f6bel. Wir verkaufen unsere Produkte haupts\u00e4chlich in Estland, aber auch \u00fcber die Grenze hinweg. Unsere allgemeinen Qualit\u00e4tskriterien k\u00f6nnen als PDF heruntergeladen werden: [&hellip;]<\/p>\n","protected":false},"author":1,"featured_media":0,"parent":0,"menu_order":0,"comment_status":"closed","ping_status":"closed","template":"","meta":{"_acf_changed":false,"footnotes":""},"class_list":["post-319","page","type-page","status-publish","hentry"],"acf":[],"yoast_head":"<!-- This site is optimized with the Yoast SEO plugin v27.6 - https:\/\/yoast.com\/product\/yoast-seo-wordpress\/ -->\n<title>Home - Lasva Liimpuidu<\/title>\n<meta name=\"description\" content=\"Lasva Liimpuidu AS toodangusse kuuluvad: liimpuit (plaat ja toorik), m\u00f6\u00f6blidetail, t\u00e4ispuidust m\u00f6\u00f6bel, -akna ja -uksed.\" \/>\n<meta name=\"robots\" content=\"index, follow, max-snippet:-1, max-image-preview:large, max-video-preview:-1\" \/>\n<link rel=\"canonical\" href=\"https:\/\/lasvaliimpuidu.ee\/de\/\" \/>\n<meta property=\"og:locale\" content=\"de_DE\" \/>\n<meta property=\"og:type\" content=\"article\" \/>\n<meta property=\"og:title\" content=\"Home - Lasva Liimpuidu\" \/>\n<meta property=\"og:description\" content=\"Lasva Liimpuidu AS toodangusse kuuluvad: liimpuit (plaat ja toorik), m\u00f6\u00f6blidetail, t\u00e4ispuidust m\u00f6\u00f6bel, -akna ja -uksed.\" \/>\n<meta property=\"og:url\" content=\"https:\/\/lasvaliimpuidu.ee\/de\/\" \/>\n<meta property=\"og:site_name\" content=\"Lasva Liimpuidu\" \/>\n<meta property=\"article:modified_time\" content=\"2021-01-14T12:52:42+00:00\" \/>\n<meta name=\"twitter:card\" content=\"summary_large_image\" \/>\n<meta name=\"twitter:label1\" content=\"Gesch\u00e4tzte Lesezeit\" \/>\n\t<meta name=\"twitter:data1\" content=\"1\u00a0Minute\" \/>\n<script type=\"application\/ld+json\" class=\"yoast-schema-graph\">{\"@context\":\"https:\\\/\\\/schema.org\",\"@graph\":[{\"@type\":\"WebPage\",\"@id\":\"https:\\\/\\\/lasvaliimpuidu.ee\\\/de\\\/\",\"url\":\"https:\\\/\\\/lasvaliimpuidu.ee\\\/de\\\/\",\"name\":\"Home - Lasva Liimpuidu\",\"isPartOf\":{\"@id\":\"https:\\\/\\\/lasvaliimpuidu.ee\\\/fi\\\/#website\"},\"datePublished\":\"2018-10-31T11:29:21+00:00\",\"dateModified\":\"2021-01-14T12:52:42+00:00\",\"description\":\"Lasva Liimpuidu AS toodangusse kuuluvad: liimpuit (plaat ja toorik), m\u00f6\u00f6blidetail, t\u00e4ispuidust m\u00f6\u00f6bel, -akna ja -uksed.\",\"breadcrumb\":{\"@id\":\"https:\\\/\\\/lasvaliimpuidu.ee\\\/de\\\/#breadcrumb\"},\"inLanguage\":\"de\",\"potentialAction\":[{\"@type\":\"ReadAction\",\"target\":[\"https:\\\/\\\/lasvaliimpuidu.ee\\\/de\\\/\"]}]},{\"@type\":\"BreadcrumbList\",\"@id\":\"https:\\\/\\\/lasvaliimpuidu.ee\\\/de\\\/#breadcrumb\",\"itemListElement\":[{\"@type\":\"ListItem\",\"position\":1,\"name\":\"Home\",\"item\":\"https:\\\/\\\/lasvaliimpuidu.ee\\\/de\\\/\"},{\"@type\":\"ListItem\",\"position\":2,\"name\":\"Home\"}]},{\"@type\":\"WebSite\",\"@id\":\"https:\\\/\\\/lasvaliimpuidu.ee\\\/fi\\\/#website\",\"url\":\"https:\\\/\\\/lasvaliimpuidu.ee\\\/fi\\\/\",\"name\":\"Lasva Liimpuidu\",\"description\":\"Liimpuit, m\u00f6\u00f6blidetail, t\u00e4ispuidust m\u00f6\u00f6bel, -akna ja -uksed.\",\"potentialAction\":[{\"@type\":\"SearchAction\",\"target\":{\"@type\":\"EntryPoint\",\"urlTemplate\":\"https:\\\/\\\/lasvaliimpuidu.ee\\\/fi\\\/?s={search_term_string}\"},\"query-input\":{\"@type\":\"PropertyValueSpecification\",\"valueRequired\":true,\"valueName\":\"search_term_string\"}}],\"inLanguage\":\"de\"}]}<\/script>\n<!-- \/ Yoast SEO plugin. -->","yoast_head_json":{"title":"Home - Lasva Liimpuidu","description":"Lasva Liimpuidu AS toodangusse kuuluvad: liimpuit (plaat ja toorik), m\u00f6\u00f6blidetail, t\u00e4ispuidust m\u00f6\u00f6bel, -akna ja -uksed.","robots":{"index":"index","follow":"follow","max-snippet":"max-snippet:-1","max-image-preview":"max-image-preview:large","max-video-preview":"max-video-preview:-1"},"canonical":"https:\/\/lasvaliimpuidu.ee\/de\/","og_locale":"de_DE","og_type":"article","og_title":"Home - Lasva Liimpuidu","og_description":"Lasva Liimpuidu AS toodangusse kuuluvad: liimpuit (plaat ja toorik), m\u00f6\u00f6blidetail, t\u00e4ispuidust m\u00f6\u00f6bel, -akna ja -uksed.","og_url":"https:\/\/lasvaliimpuidu.ee\/de\/","og_site_name":"Lasva Liimpuidu","article_modified_time":"2021-01-14T12:52:42+00:00","twitter_card":"summary_large_image","twitter_misc":{"Gesch\u00e4tzte Lesezeit":"1\u00a0Minute"},"schema":{"@context":"https:\/\/schema.org","@graph":[{"@type":"WebPage","@id":"https:\/\/lasvaliimpuidu.ee\/de\/","url":"https:\/\/lasvaliimpuidu.ee\/de\/","name":"Home - Lasva Liimpuidu","isPartOf":{"@id":"https:\/\/lasvaliimpuidu.ee\/fi\/#website"},"datePublished":"2018-10-31T11:29:21+00:00","dateModified":"2021-01-14T12:52:42+00:00","description":"Lasva Liimpuidu AS toodangusse kuuluvad: liimpuit (plaat ja toorik), m\u00f6\u00f6blidetail, t\u00e4ispuidust m\u00f6\u00f6bel, -akna ja -uksed.","breadcrumb":{"@id":"https:\/\/lasvaliimpuidu.ee\/de\/#breadcrumb"},"inLanguage":"de","potentialAction":[{"@type":"ReadAction","target":["https:\/\/lasvaliimpuidu.ee\/de\/"]}]},{"@type":"BreadcrumbList","@id":"https:\/\/lasvaliimpuidu.ee\/de\/#breadcrumb","itemListElement":[{"@type":"ListItem","position":1,"name":"Home","item":"https:\/\/lasvaliimpuidu.ee\/de\/"},{"@type":"ListItem","position":2,"name":"Home"}]},{"@type":"WebSite","@id":"https:\/\/lasvaliimpuidu.ee\/fi\/#website","url":"https:\/\/lasvaliimpuidu.ee\/fi\/","name":"Lasva Liimpuidu","description":"Liimpuit, m\u00f6\u00f6blidetail, t\u00e4ispuidust m\u00f6\u00f6bel, -akna ja -uksed.","potentialAction":[{"@type":"SearchAction","target":{"@type":"EntryPoint","urlTemplate":"https:\/\/lasvaliimpuidu.ee\/fi\/?s={search_term_string}"},"query-input":{"@type":"PropertyValueSpecification","valueRequired":true,"valueName":"search_term_string"}}],"inLanguage":"de"}]}},"_links":{"self":[{"href":"https:\/\/lasvaliimpuidu.ee\/de\/wp-json\/wp\/v2\/pages\/319","targetHints":{"allow":["GET"]}}],"collection":[{"href":"https:\/\/lasvaliimpuidu.ee\/de\/wp-json\/wp\/v2\/pages"}],"about":[{"href":"https:\/\/lasvaliimpuidu.ee\/de\/wp-json\/wp\/v2\/types\/page"}],"author":[{"embeddable":true,"href":"https:\/\/lasvaliimpuidu.ee\/de\/wp-json\/wp\/v2\/users\/1"}],"replies":[{"embeddable":true,"href":"https:\/\/lasvaliimpuidu.ee\/de\/wp-json\/wp\/v2\/comments?post=319"}],"version-history":[{"count":11,"href":"https:\/\/lasvaliimpuidu.ee\/de\/wp-json\/wp\/v2\/pages\/319\/revisions"}],"predecessor-version":[{"id":1228,"href":"https:\/\/lasvaliimpuidu.ee\/de\/wp-json\/wp\/v2\/pages\/319\/revisions\/1228"}],"wp:attachment":[{"href":"https:\/\/lasvaliimpuidu.ee\/de\/wp-json\/wp\/v2\/media?parent=319"}],"curies":[{"name":"wp","href":"https:\/\/api.w.org\/{rel}","templated":true}]}}