{"id":553,"date":"2018-12-26T22:46:32","date_gmt":"2018-12-26T20:46:32","guid":{"rendered":"https:\/\/lasvaliimpuidu.ee\/?page_id=553"},"modified":"2018-12-26T22:46:32","modified_gmt":"2018-12-26T20:46:32","slug":"kontakt","status":"publish","type":"page","link":"https:\/\/lasvaliimpuidu.ee\/de\/kontakt\/","title":{"rendered":"Kontakt"},"content":{"rendered":"<div class=\"row\">\n<div class=\"col-md-6\">\n<div class=\"row\">\n<div class=\"col-sm-6\">\n<h3>Lasva Liimpuidu AS<\/h3>\n<p>T\u00f6\u00f6stuse tee 8, V\u00f5ru vald, Lasva k\u00fcla, 65401 V\u00f5rumaa, Estonia<\/p>\n<p>E-mail: <a href=\"&#109;&#x61;i&#108;&#x74;o&#58;&#x69;n&#x66;&#x6f;&#64;&#x6c;a&#115;&#x76;a&#108;&#x69;i&#x6d;&#x70;&#117;&#x69;&#x64;&#117;&#x2e;e&#101;\" target=\"_blank\" rel=\"noopener\">&#x69;&#x6e;&#x66;&#x6f;&#64;&#108;&#97;sv&#x61;&#x6c;&#x69;&#x69;&#x6d;&#112;&#117;&#105;du&#x2e;&#x65;&#x65;<\/a><br \/>\nTel: +372 7828685<br \/>\nFax: +372 78 28686<\/p>\n<\/div>\n<div class=\"col-sm-6\">\n<h3>Ivar K\u00f5om\u00e4gi<\/h3>\n<p><span class=\"tlid-translation translation\"><span class=\"\" title=\"\">Verkauf, Info<\/span><\/span><br \/>\ne-mail: <a href=\"m&#97;&#105;&#x6c;&#x74;&#x6f;:s&#97;&#108;&#x65;&#x40;&#x6c;a&#115;&#118;&#97;&#x6c;&#x69;&#x69;m&#112;&#117;&#x69;&#x64;&#x75;&#46;e&#101;\" target=\"_blank\" rel=\"noopener\">&#x73;a&#x6c;&#101;&#x40;&#108;&#x61;&#x73;v&#x61;&#108;&#x69;&#105;&#x6d;&#112;u&#x69;&#100;&#x75;&#46;&#x65;&#101;<\/a><br \/>\nTel: +372 7828685<br \/>\nskype: sale.lasvaliimpuidu<\/p>\n<\/div>\n<\/div>\n<\/div>\n<div class=\"col-md-6 kaart\"><iframe loading=\"lazy\" style=\"border: 0;\" src=\"https:\/\/www.google.com\/maps\/embed?pb=!1m18!1m12!1m3!1d228775.9917085891!2d27.018591468178844!3d57.81009470489118!2m3!1f0!2f0!3f0!3m2!1i1024!2i768!4f13.1!3m3!1m2!1s0x46eaefb333fb8f09%3A0xf2924b3da9601c32!2sLasva+Liimpuit!5e0!3m2!1sen!2sus!4v1535023700509\" width=\"600\" height=\"450\" frameborder=\"0\" allowfullscreen=\"allowfullscreen\"><\/iframe><\/div>\n<\/div>\n","protected":false},"excerpt":{"rendered":"<p>Lasva Liimpuidu AS T\u00f6\u00f6stuse tee 8, V\u00f5ru vald, Lasva k\u00fcla, 65401 V\u00f5rumaa, Estonia E-mail: &#x69;&#110;&#102;o&#x40;&#x6c;&#97;s&#x76;&#x61;&#108;ii&#x6d;&#112;&#117;i&#x64;&#x75;&#46;e&#x65; Tel: +372 7828685 Fax: +372 78 28686 Ivar K\u00f5om\u00e4gi Verkauf, Info e-mail: &#115;&#x61;&#108;&#x65;&#64;&#x6c;a&#115;&#x76;&#97;&#x6c;i&#x69;m&#112;&#x75;&#105;&#x64;u&#x2e;e&#101; Tel: +372 7828685 skype: sale.lasvaliimpuidu<\/p>\n","protected":false},"author":2,"featured_media":0,"parent":0,"menu_order":0,"comment_status":"closed","ping_status":"closed","template":"","meta":{"_acf_changed":false,"footnotes":""},"class_list":["post-553","page","type-page","status-publish","hentry"],"acf":[],"yoast_head":"<!-- This site is optimized with the Yoast SEO plugin v27.4 - https:\/\/yoast.com\/product\/yoast-seo-wordpress\/ -->\n<title>Kontakt - Lasva Liimpuidu<\/title>\n<meta name=\"description\" content=\"Lasva Liimpuidu AS toodangusse kuuluvad: liimpuit (plaat ja toorik), m\u00f6\u00f6blidetail, t\u00e4ispuidust m\u00f6\u00f6bel, -akna ja -uksed.\" \/>\n<meta name=\"robots\" content=\"index, follow, max-snippet:-1, max-image-preview:large, max-video-preview:-1\" \/>\n<link rel=\"canonical\" href=\"https:\/\/lasvaliimpuidu.ee\/de\/kontakt\/\" \/>\n<meta property=\"og:locale\" content=\"de_DE\" \/>\n<meta property=\"og:type\" content=\"article\" \/>\n<meta property=\"og:title\" content=\"Kontakt - Lasva Liimpuidu\" \/>\n<meta property=\"og:description\" content=\"Lasva Liimpuidu AS toodangusse kuuluvad: liimpuit (plaat ja toorik), m\u00f6\u00f6blidetail, t\u00e4ispuidust m\u00f6\u00f6bel, -akna ja -uksed.\" \/>\n<meta property=\"og:url\" content=\"https:\/\/lasvaliimpuidu.ee\/de\/kontakt\/\" \/>\n<meta property=\"og:site_name\" content=\"Lasva Liimpuidu\" \/>\n<meta name=\"twitter:card\" content=\"summary_large_image\" \/>\n<script type=\"application\/ld+json\" class=\"yoast-schema-graph\">{\"@context\":\"https:\\\/\\\/schema.org\",\"@graph\":[{\"@type\":\"WebPage\",\"@id\":\"https:\\\/\\\/lasvaliimpuidu.ee\\\/de\\\/kontakt\\\/\",\"url\":\"https:\\\/\\\/lasvaliimpuidu.ee\\\/de\\\/kontakt\\\/\",\"name\":\"Kontakt - Lasva Liimpuidu\",\"isPartOf\":{\"@id\":\"https:\\\/\\\/lasvaliimpuidu.ee\\\/fi\\\/#website\"},\"datePublished\":\"2018-12-26T20:46:32+00:00\",\"description\":\"Lasva Liimpuidu AS toodangusse kuuluvad: liimpuit (plaat ja toorik), m\u00f6\u00f6blidetail, t\u00e4ispuidust m\u00f6\u00f6bel, -akna ja -uksed.\",\"breadcrumb\":{\"@id\":\"https:\\\/\\\/lasvaliimpuidu.ee\\\/de\\\/kontakt\\\/#breadcrumb\"},\"inLanguage\":\"de\",\"potentialAction\":[{\"@type\":\"ReadAction\",\"target\":[\"https:\\\/\\\/lasvaliimpuidu.ee\\\/de\\\/kontakt\\\/\"]}]},{\"@type\":\"BreadcrumbList\",\"@id\":\"https:\\\/\\\/lasvaliimpuidu.ee\\\/de\\\/kontakt\\\/#breadcrumb\",\"itemListElement\":[{\"@type\":\"ListItem\",\"position\":1,\"name\":\"Home\",\"item\":\"https:\\\/\\\/lasvaliimpuidu.ee\\\/de\\\/\"},{\"@type\":\"ListItem\",\"position\":2,\"name\":\"Kontakt\"}]},{\"@type\":\"WebSite\",\"@id\":\"https:\\\/\\\/lasvaliimpuidu.ee\\\/fi\\\/#website\",\"url\":\"https:\\\/\\\/lasvaliimpuidu.ee\\\/fi\\\/\",\"name\":\"Lasva Liimpuidu\",\"description\":\"Liimpuit, m\u00f6\u00f6blidetail, t\u00e4ispuidust m\u00f6\u00f6bel, -akna ja -uksed.\",\"potentialAction\":[{\"@type\":\"SearchAction\",\"target\":{\"@type\":\"EntryPoint\",\"urlTemplate\":\"https:\\\/\\\/lasvaliimpuidu.ee\\\/fi\\\/?s={search_term_string}\"},\"query-input\":{\"@type\":\"PropertyValueSpecification\",\"valueRequired\":true,\"valueName\":\"search_term_string\"}}],\"inLanguage\":\"de\"}]}<\/script>\n<!-- \/ Yoast SEO plugin. -->","yoast_head_json":{"title":"Kontakt - Lasva Liimpuidu","description":"Lasva Liimpuidu AS toodangusse kuuluvad: liimpuit (plaat ja toorik), m\u00f6\u00f6blidetail, t\u00e4ispuidust m\u00f6\u00f6bel, -akna ja -uksed.","robots":{"index":"index","follow":"follow","max-snippet":"max-snippet:-1","max-image-preview":"max-image-preview:large","max-video-preview":"max-video-preview:-1"},"canonical":"https:\/\/lasvaliimpuidu.ee\/de\/kontakt\/","og_locale":"de_DE","og_type":"article","og_title":"Kontakt - Lasva Liimpuidu","og_description":"Lasva Liimpuidu AS toodangusse kuuluvad: liimpuit (plaat ja toorik), m\u00f6\u00f6blidetail, t\u00e4ispuidust m\u00f6\u00f6bel, -akna ja -uksed.","og_url":"https:\/\/lasvaliimpuidu.ee\/de\/kontakt\/","og_site_name":"Lasva Liimpuidu","twitter_card":"summary_large_image","schema":{"@context":"https:\/\/schema.org","@graph":[{"@type":"WebPage","@id":"https:\/\/lasvaliimpuidu.ee\/de\/kontakt\/","url":"https:\/\/lasvaliimpuidu.ee\/de\/kontakt\/","name":"Kontakt - Lasva Liimpuidu","isPartOf":{"@id":"https:\/\/lasvaliimpuidu.ee\/fi\/#website"},"datePublished":"2018-12-26T20:46:32+00:00","description":"Lasva Liimpuidu AS toodangusse kuuluvad: liimpuit (plaat ja toorik), m\u00f6\u00f6blidetail, t\u00e4ispuidust m\u00f6\u00f6bel, -akna ja -uksed.","breadcrumb":{"@id":"https:\/\/lasvaliimpuidu.ee\/de\/kontakt\/#breadcrumb"},"inLanguage":"de","potentialAction":[{"@type":"ReadAction","target":["https:\/\/lasvaliimpuidu.ee\/de\/kontakt\/"]}]},{"@type":"BreadcrumbList","@id":"https:\/\/lasvaliimpuidu.ee\/de\/kontakt\/#breadcrumb","itemListElement":[{"@type":"ListItem","position":1,"name":"Home","item":"https:\/\/lasvaliimpuidu.ee\/de\/"},{"@type":"ListItem","position":2,"name":"Kontakt"}]},{"@type":"WebSite","@id":"https:\/\/lasvaliimpuidu.ee\/fi\/#website","url":"https:\/\/lasvaliimpuidu.ee\/fi\/","name":"Lasva Liimpuidu","description":"Liimpuit, m\u00f6\u00f6blidetail, t\u00e4ispuidust m\u00f6\u00f6bel, -akna ja -uksed.","potentialAction":[{"@type":"SearchAction","target":{"@type":"EntryPoint","urlTemplate":"https:\/\/lasvaliimpuidu.ee\/fi\/?s={search_term_string}"},"query-input":{"@type":"PropertyValueSpecification","valueRequired":true,"valueName":"search_term_string"}}],"inLanguage":"de"}]}},"_links":{"self":[{"href":"https:\/\/lasvaliimpuidu.ee\/de\/wp-json\/wp\/v2\/pages\/553","targetHints":{"allow":["GET"]}}],"collection":[{"href":"https:\/\/lasvaliimpuidu.ee\/de\/wp-json\/wp\/v2\/pages"}],"about":[{"href":"https:\/\/lasvaliimpuidu.ee\/de\/wp-json\/wp\/v2\/types\/page"}],"author":[{"embeddable":true,"href":"https:\/\/lasvaliimpuidu.ee\/de\/wp-json\/wp\/v2\/users\/2"}],"replies":[{"embeddable":true,"href":"https:\/\/lasvaliimpuidu.ee\/de\/wp-json\/wp\/v2\/comments?post=553"}],"version-history":[{"count":1,"href":"https:\/\/lasvaliimpuidu.ee\/de\/wp-json\/wp\/v2\/pages\/553\/revisions"}],"predecessor-version":[{"id":554,"href":"https:\/\/lasvaliimpuidu.ee\/de\/wp-json\/wp\/v2\/pages\/553\/revisions\/554"}],"wp:attachment":[{"href":"https:\/\/lasvaliimpuidu.ee\/de\/wp-json\/wp\/v2\/media?parent=553"}],"curies":[{"name":"wp","href":"https:\/\/api.w.org\/{rel}","templated":true}]}}