{"id":805,"date":"2019-08-31T22:59:01","date_gmt":"2019-08-31T19:59:01","guid":{"rendered":"https:\/\/lasvaliimpuidu.ee\/?page_id=805"},"modified":"2019-08-31T22:59:01","modified_gmt":"2019-08-31T19:59:01","slug":"kuepsised","status":"publish","type":"page","link":"https:\/\/lasvaliimpuidu.ee\/de\/kuepsised\/","title":{"rendered":"K\u00fcpsised"},"content":{"rendered":"<p>Lasva Liimpuidu AS veebilehel lasvaliimpuidu.ee kasutatakse k\u00fcpsiseid, eesm\u00e4rgiga tagada parem kasutajakogemus ja efektiivsem turundustegevus ning koguda kasutusstatistikat.<\/p>\n<p>Kasutades lasvaliimpuidu.ee veebilehte, n\u00f5ustub kasutaja k\u00fcpsiste kasutamisega k\u00e4esolevas korras kirjeldatud viisil.<\/p>\n<p>K\u00fcpsis on v\u00e4ike tekstifail, mille veebilehitseja automaatselt kasutaja poolt kasutatavasse seadmesse salvestab. K\u00fcpsised v\u00f5ivad olla loodud erinevate teenusepakkujate poolt, n\u00e4iteks Google ja Facebook. K\u00fcpsisefailid ei ole arvuti jaoks ohtlikud.<\/p>\n<p>K\u00fcpsiseid on kahte t\u00fc\u00fcpi:<\/p>\n<p>P\u00fcsivaid k\u00fcpsiseid, mis j\u00e4\u00e4vad kasutaja arvutis olevasse k\u00fcpsiste faili p\u00fcsivalt. Neid v\u00f5idakse kasutada n\u00e4iteks kasutaja kui veebilehe korduvk\u00fclastaja \u00e4ratundmiseks ja veebilehe sisu kohandamiseks vastavalt kasutaja vajadustele v\u00f5i statistiliste andmete kogumiseks.<br \/>\nSeansik\u00fcpsised on ajutised ja kaovad, kui kasutaja veebilehelt lahkub v\u00f5i oma veebilehitseja sulgeb. Seansik\u00fcpsiseid v\u00f5idakse kasutada veebilehe teatud funktsioonide, n\u00e4iteks teenuse v\u00f5i toote taotlemise jms v\u00f5imaldamiseks.<br \/>\nK\u00fcpsiseid kasutatakse teabe kogumiseks selle kohta, kuidas veebilehte kasutatakse, et seda kasutajatele isiklikumaks ja kasutajas\u00f5bralikumaks muuta. Lisaks aitavad k\u00fcpsised koguda kasutajastatistikat, mis v\u00f5imaldab m\u00f5\u00f5ta ja parandada veebilehe toimivust ning annab alusandmed, et viia l\u00e4bi efektiivne turundustegevus.<\/p>\n<p>Kasutaja loetakse k\u00fcpsistega n\u00f5ustunuks, kui tema veebilehitseja seadistustes on k\u00fcpsised lubatud. Tihtipeale veebilehitsejad lubavad vaikimisi k\u00fcpsisefailide s\u00e4ilitamist seadmesse. Kasutaja v\u00f5ib oma seadmes k\u00fcpsiste kasutamise \u00e4ra keelata v\u00f5i need kustutada, muutes oma veebilehitseja vastavaid seadeid. K\u00fcpsiste mittekasutamisel ei pruugi veebileht korrektselt t\u00f6\u00f6tada. Juhiseid veebilehitsejast k\u00fcpsiste kustutamiseks ja seadistamiseks leiab n\u00e4iteks siit: <a href=\"https:\/\/support.google.com\/chrome\/answer\/95647?hl=et\" target=\"_blank\" rel=\"noopener noreferrer\">Chrome<\/a>, <a href=\"https:\/\/support.microsoft.com\/en-us\/help\/278835\/how-to-delete-cookie-files-in-internet-explorer\" target=\"_blank\" rel=\"noopener noreferrer\">Internet Explorer<\/a>.<\/p>\n<p>lasvaliimpuidu.ee veebilehel kasutatakse Google Maps ja Google Analytics k\u00fcpsiseid. Google poolt kasutatavad k\u00fcpsised on t\u00e4psemalt kirjeldatud <a href=\"https:\/\/policies.google.com\/technologies\/cookies\" target=\"_blank\" rel=\"noopener noreferrer\">Google privaatsus ja tingimused<\/a> lehel.<\/p>\n<p>Google v\u00f5ib siiski koguda andmeid kasutajate aktiivsuse kohta ka ilma k\u00fcpsisefaile kasutamata. Selleks, et Google Analytics ei saaks andmeid kasutada, saab kasutaja paigaldada oma seadmesse Google Analytics\u2019i blokeeriva rakenduse: <a href=\"https:\/\/tools.google.com\/dlpage\/gaoptout?hl=en\" target=\"_blank\" rel=\"noopener noreferrer\">Google Analyticsist loobumise brauserilaiend<\/a>.<\/p>\n","protected":false},"excerpt":{"rendered":"<p>Lasva Liimpuidu AS veebilehel lasvaliimpuidu.ee kasutatakse k\u00fcpsiseid, eesm\u00e4rgiga tagada parem kasutajakogemus ja efektiivsem turundustegevus ning koguda kasutusstatistikat. Kasutades lasvaliimpuidu.ee veebilehte, n\u00f5ustub kasutaja k\u00fcpsiste kasutamisega k\u00e4esolevas korras kirjeldatud viisil. K\u00fcpsis on v\u00e4ike tekstifail, mille veebilehitseja automaatselt kasutaja poolt kasutatavasse seadmesse salvestab. K\u00fcpsised v\u00f5ivad olla loodud erinevate teenusepakkujate poolt, n\u00e4iteks Google ja Facebook. K\u00fcpsisefailid ei ole arvuti [&hellip;]<\/p>\n","protected":false},"author":1,"featured_media":0,"parent":0,"menu_order":0,"comment_status":"closed","ping_status":"closed","template":"","meta":{"_acf_changed":false,"footnotes":""},"class_list":["post-805","page","type-page","status-publish","hentry"],"acf":[],"yoast_head":"<!-- This site is optimized with the Yoast SEO plugin v27.4 - https:\/\/yoast.com\/product\/yoast-seo-wordpress\/ -->\n<title>K\u00fcpsised - Lasva Liimpuidu<\/title>\n<meta name=\"description\" content=\"Lasva Liimpuidu AS toodangusse kuuluvad: liimpuit (plaat ja toorik), m\u00f6\u00f6blidetail, t\u00e4ispuidust m\u00f6\u00f6bel, -akna ja -uksed.\" \/>\n<meta name=\"robots\" content=\"index, follow, max-snippet:-1, max-image-preview:large, max-video-preview:-1\" \/>\n<link rel=\"canonical\" href=\"https:\/\/lasvaliimpuidu.ee\/de\/kuepsised\/\" \/>\n<meta property=\"og:locale\" content=\"de_DE\" \/>\n<meta property=\"og:type\" content=\"article\" \/>\n<meta property=\"og:title\" content=\"K\u00fcpsised - Lasva Liimpuidu\" \/>\n<meta property=\"og:description\" content=\"Lasva Liimpuidu AS toodangusse kuuluvad: liimpuit (plaat ja toorik), m\u00f6\u00f6blidetail, t\u00e4ispuidust m\u00f6\u00f6bel, -akna ja -uksed.\" \/>\n<meta property=\"og:url\" content=\"https:\/\/lasvaliimpuidu.ee\/de\/kuepsised\/\" \/>\n<meta property=\"og:site_name\" content=\"Lasva Liimpuidu\" \/>\n<meta name=\"twitter:card\" content=\"summary_large_image\" \/>\n<meta name=\"twitter:label1\" content=\"Gesch\u00e4tzte Lesezeit\" \/>\n\t<meta name=\"twitter:data1\" content=\"2\u00a0Minuten\" \/>\n<script type=\"application\/ld+json\" class=\"yoast-schema-graph\">{\"@context\":\"https:\\\/\\\/schema.org\",\"@graph\":[{\"@type\":\"WebPage\",\"@id\":\"https:\\\/\\\/lasvaliimpuidu.ee\\\/de\\\/kuepsised\\\/\",\"url\":\"https:\\\/\\\/lasvaliimpuidu.ee\\\/de\\\/kuepsised\\\/\",\"name\":\"K\u00fcpsised - Lasva Liimpuidu\",\"isPartOf\":{\"@id\":\"https:\\\/\\\/lasvaliimpuidu.ee\\\/fi\\\/#website\"},\"datePublished\":\"2019-08-31T19:59:01+00:00\",\"description\":\"Lasva Liimpuidu AS toodangusse kuuluvad: liimpuit (plaat ja toorik), m\u00f6\u00f6blidetail, t\u00e4ispuidust m\u00f6\u00f6bel, -akna ja -uksed.\",\"breadcrumb\":{\"@id\":\"https:\\\/\\\/lasvaliimpuidu.ee\\\/de\\\/kuepsised\\\/#breadcrumb\"},\"inLanguage\":\"de\",\"potentialAction\":[{\"@type\":\"ReadAction\",\"target\":[\"https:\\\/\\\/lasvaliimpuidu.ee\\\/de\\\/kuepsised\\\/\"]}]},{\"@type\":\"BreadcrumbList\",\"@id\":\"https:\\\/\\\/lasvaliimpuidu.ee\\\/de\\\/kuepsised\\\/#breadcrumb\",\"itemListElement\":[{\"@type\":\"ListItem\",\"position\":1,\"name\":\"Home\",\"item\":\"https:\\\/\\\/lasvaliimpuidu.ee\\\/de\\\/\"},{\"@type\":\"ListItem\",\"position\":2,\"name\":\"K\u00fcpsised\"}]},{\"@type\":\"WebSite\",\"@id\":\"https:\\\/\\\/lasvaliimpuidu.ee\\\/fi\\\/#website\",\"url\":\"https:\\\/\\\/lasvaliimpuidu.ee\\\/fi\\\/\",\"name\":\"Lasva Liimpuidu\",\"description\":\"Liimpuit, m\u00f6\u00f6blidetail, t\u00e4ispuidust m\u00f6\u00f6bel, -akna ja -uksed.\",\"potentialAction\":[{\"@type\":\"SearchAction\",\"target\":{\"@type\":\"EntryPoint\",\"urlTemplate\":\"https:\\\/\\\/lasvaliimpuidu.ee\\\/fi\\\/?s={search_term_string}\"},\"query-input\":{\"@type\":\"PropertyValueSpecification\",\"valueRequired\":true,\"valueName\":\"search_term_string\"}}],\"inLanguage\":\"de\"}]}<\/script>\n<!-- \/ Yoast SEO plugin. -->","yoast_head_json":{"title":"K\u00fcpsised - Lasva Liimpuidu","description":"Lasva Liimpuidu AS toodangusse kuuluvad: liimpuit (plaat ja toorik), m\u00f6\u00f6blidetail, t\u00e4ispuidust m\u00f6\u00f6bel, -akna ja -uksed.","robots":{"index":"index","follow":"follow","max-snippet":"max-snippet:-1","max-image-preview":"max-image-preview:large","max-video-preview":"max-video-preview:-1"},"canonical":"https:\/\/lasvaliimpuidu.ee\/de\/kuepsised\/","og_locale":"de_DE","og_type":"article","og_title":"K\u00fcpsised - Lasva Liimpuidu","og_description":"Lasva Liimpuidu AS toodangusse kuuluvad: liimpuit (plaat ja toorik), m\u00f6\u00f6blidetail, t\u00e4ispuidust m\u00f6\u00f6bel, -akna ja -uksed.","og_url":"https:\/\/lasvaliimpuidu.ee\/de\/kuepsised\/","og_site_name":"Lasva Liimpuidu","twitter_card":"summary_large_image","twitter_misc":{"Gesch\u00e4tzte Lesezeit":"2\u00a0Minuten"},"schema":{"@context":"https:\/\/schema.org","@graph":[{"@type":"WebPage","@id":"https:\/\/lasvaliimpuidu.ee\/de\/kuepsised\/","url":"https:\/\/lasvaliimpuidu.ee\/de\/kuepsised\/","name":"K\u00fcpsised - Lasva Liimpuidu","isPartOf":{"@id":"https:\/\/lasvaliimpuidu.ee\/fi\/#website"},"datePublished":"2019-08-31T19:59:01+00:00","description":"Lasva Liimpuidu AS toodangusse kuuluvad: liimpuit (plaat ja toorik), m\u00f6\u00f6blidetail, t\u00e4ispuidust m\u00f6\u00f6bel, -akna ja -uksed.","breadcrumb":{"@id":"https:\/\/lasvaliimpuidu.ee\/de\/kuepsised\/#breadcrumb"},"inLanguage":"de","potentialAction":[{"@type":"ReadAction","target":["https:\/\/lasvaliimpuidu.ee\/de\/kuepsised\/"]}]},{"@type":"BreadcrumbList","@id":"https:\/\/lasvaliimpuidu.ee\/de\/kuepsised\/#breadcrumb","itemListElement":[{"@type":"ListItem","position":1,"name":"Home","item":"https:\/\/lasvaliimpuidu.ee\/de\/"},{"@type":"ListItem","position":2,"name":"K\u00fcpsised"}]},{"@type":"WebSite","@id":"https:\/\/lasvaliimpuidu.ee\/fi\/#website","url":"https:\/\/lasvaliimpuidu.ee\/fi\/","name":"Lasva Liimpuidu","description":"Liimpuit, m\u00f6\u00f6blidetail, t\u00e4ispuidust m\u00f6\u00f6bel, -akna ja -uksed.","potentialAction":[{"@type":"SearchAction","target":{"@type":"EntryPoint","urlTemplate":"https:\/\/lasvaliimpuidu.ee\/fi\/?s={search_term_string}"},"query-input":{"@type":"PropertyValueSpecification","valueRequired":true,"valueName":"search_term_string"}}],"inLanguage":"de"}]}},"_links":{"self":[{"href":"https:\/\/lasvaliimpuidu.ee\/de\/wp-json\/wp\/v2\/pages\/805","targetHints":{"allow":["GET"]}}],"collection":[{"href":"https:\/\/lasvaliimpuidu.ee\/de\/wp-json\/wp\/v2\/pages"}],"about":[{"href":"https:\/\/lasvaliimpuidu.ee\/de\/wp-json\/wp\/v2\/types\/page"}],"author":[{"embeddable":true,"href":"https:\/\/lasvaliimpuidu.ee\/de\/wp-json\/wp\/v2\/users\/1"}],"replies":[{"embeddable":true,"href":"https:\/\/lasvaliimpuidu.ee\/de\/wp-json\/wp\/v2\/comments?post=805"}],"version-history":[{"count":1,"href":"https:\/\/lasvaliimpuidu.ee\/de\/wp-json\/wp\/v2\/pages\/805\/revisions"}],"predecessor-version":[{"id":806,"href":"https:\/\/lasvaliimpuidu.ee\/de\/wp-json\/wp\/v2\/pages\/805\/revisions\/806"}],"wp:attachment":[{"href":"https:\/\/lasvaliimpuidu.ee\/de\/wp-json\/wp\/v2\/media?parent=805"}],"curies":[{"name":"wp","href":"https:\/\/api.w.org\/{rel}","templated":true}]}}