{"id":315,"date":"2018-10-31T13:24:47","date_gmt":"2018-10-31T11:24:47","guid":{"rendered":"https:\/\/lasvaliimpuidu.ee\/?page_id=315"},"modified":"2023-05-05T11:56:02","modified_gmt":"2023-05-05T08:56:02","slug":"home","status":"publish","type":"page","link":"https:\/\/lasvaliimpuidu.ee\/en\/","title":{"rendered":"Home"},"content":{"rendered":"<p>Lasva Liimpuidu AS was founded in 1994 is located in Estonia. Company has 35 employees.<\/p>\n<p>Main production:<\/p>\n<ul>\n<li><strong>Edge-glued panels<\/strong> &#8211; redwood and whitewood (for furniture, door- and window components, cheese shelves, etc.)<\/li>\n<li><strong>Furniture components<\/strong> &#8211; from different wooden materials<br \/>\n        Our experience is with many great furniture brands including IKEA<\/li>\n<li><strong>Furniture<\/strong> &#8211; mostly <strong>solidwood<\/strong>, also other wooden materials are used<br \/>\n        Our furniture sets and products can be seen in factory store at <a href=\"https:\/\/lasse.ee\" rel=\"noopener\" target=\"_blank\">https:\/\/lasse.ee<\/a><\/li>\n<\/ul>\n<p>Services:<\/p>\n<ul>\n<li>Wood drying<\/li>\n<li>Finishing (<strong>UV-rollerline<\/strong>), handspray coating<\/li>\n<p>        UV-finishing keeps wood and branches in their natural color on redwood, instead of changing color or faint on sunlight.<\/li>\n<li>Tooling (CNC, drilling, moulding)<\/li>\n<\/ul>\n<p>Our clients are producers of furniture, windows, doors, wall panels, cheese factories and furniture stores and -sellers (in Estonia, Europe, Asia), etc. <\/p>\n<p>Most we use whitewood and redwood, that we get from Estonia, Finland, Sweden and is only <strong>Scandinavian<\/strong> origin). We own FSC certification no <strong>SCS-COC-008092<\/strong> (<a href=\"https:\/\/info.fsc.org\/details.php?id=a024000000835eBAAQ&amp;type=certificate\" target=\"_blank\" rel=\"noopener noreferrer\">check certificate validation<\/a>).<\/p>\n","protected":false},"excerpt":{"rendered":"<p>Lasva Liimpuidu AS was founded in 1994 is located in Estonia. Company has 35 employees. Main production: Edge-glued panels &#8211; redwood and whitewood (for furniture, door- and window components, cheese shelves, etc.) Furniture components &#8211; from different wooden materials Our experience is with many great furniture brands including IKEA Furniture &#8211; mostly solidwood, also other [&hellip;]<\/p>\n","protected":false},"author":1,"featured_media":0,"parent":0,"menu_order":0,"comment_status":"closed","ping_status":"closed","template":"","meta":{"_acf_changed":false,"footnotes":""},"class_list":["post-315","page","type-page","status-publish","hentry"],"acf":[],"yoast_head":"<!-- This site is optimized with the Yoast SEO plugin v27.4 - https:\/\/yoast.com\/product\/yoast-seo-wordpress\/ -->\n<title>Home - Lasva Liimpuidu<\/title>\n<meta name=\"description\" content=\"Lasva Liimpuidu AS toodangusse kuuluvad: liimpuit (plaat ja toorik), m\u00f6\u00f6blidetail, t\u00e4ispuidust m\u00f6\u00f6bel, -akna ja -uksed.\" \/>\n<meta name=\"robots\" content=\"index, follow, max-snippet:-1, max-image-preview:large, max-video-preview:-1\" \/>\n<link rel=\"canonical\" href=\"https:\/\/lasvaliimpuidu.ee\/en\/\" \/>\n<meta property=\"og:locale\" content=\"en_US\" \/>\n<meta property=\"og:type\" content=\"article\" \/>\n<meta property=\"og:title\" content=\"Home - Lasva Liimpuidu\" \/>\n<meta property=\"og:description\" content=\"Lasva Liimpuidu AS toodangusse kuuluvad: liimpuit (plaat ja toorik), m\u00f6\u00f6blidetail, t\u00e4ispuidust m\u00f6\u00f6bel, -akna ja -uksed.\" \/>\n<meta property=\"og:url\" content=\"https:\/\/lasvaliimpuidu.ee\/en\/\" \/>\n<meta property=\"og:site_name\" content=\"Lasva Liimpuidu\" \/>\n<meta property=\"article:modified_time\" content=\"2023-05-05T08:56:02+00:00\" \/>\n<meta name=\"twitter:card\" content=\"summary_large_image\" \/>\n<meta name=\"twitter:label1\" content=\"Est. reading time\" \/>\n\t<meta name=\"twitter:data1\" content=\"1 minute\" \/>\n<script type=\"application\/ld+json\" class=\"yoast-schema-graph\">{\"@context\":\"https:\\\/\\\/schema.org\",\"@graph\":[{\"@type\":\"WebPage\",\"@id\":\"https:\\\/\\\/lasvaliimpuidu.ee\\\/en\\\/\",\"url\":\"https:\\\/\\\/lasvaliimpuidu.ee\\\/en\\\/\",\"name\":\"Home - Lasva Liimpuidu\",\"isPartOf\":{\"@id\":\"https:\\\/\\\/lasvaliimpuidu.ee\\\/fi\\\/#website\"},\"datePublished\":\"2018-10-31T11:24:47+00:00\",\"dateModified\":\"2023-05-05T08:56:02+00:00\",\"description\":\"Lasva Liimpuidu AS toodangusse kuuluvad: liimpuit (plaat ja toorik), m\u00f6\u00f6blidetail, t\u00e4ispuidust m\u00f6\u00f6bel, -akna ja -uksed.\",\"breadcrumb\":{\"@id\":\"https:\\\/\\\/lasvaliimpuidu.ee\\\/en\\\/#breadcrumb\"},\"inLanguage\":\"en-US\",\"potentialAction\":[{\"@type\":\"ReadAction\",\"target\":[\"https:\\\/\\\/lasvaliimpuidu.ee\\\/en\\\/\"]}]},{\"@type\":\"BreadcrumbList\",\"@id\":\"https:\\\/\\\/lasvaliimpuidu.ee\\\/en\\\/#breadcrumb\",\"itemListElement\":[{\"@type\":\"ListItem\",\"position\":1,\"name\":\"Home\",\"item\":\"https:\\\/\\\/lasvaliimpuidu.ee\\\/en\\\/\"},{\"@type\":\"ListItem\",\"position\":2,\"name\":\"Home\"}]},{\"@type\":\"WebSite\",\"@id\":\"https:\\\/\\\/lasvaliimpuidu.ee\\\/fi\\\/#website\",\"url\":\"https:\\\/\\\/lasvaliimpuidu.ee\\\/fi\\\/\",\"name\":\"Lasva Liimpuidu\",\"description\":\"Liimpuit, m\u00f6\u00f6blidetail, t\u00e4ispuidust m\u00f6\u00f6bel, -akna ja -uksed.\",\"potentialAction\":[{\"@type\":\"SearchAction\",\"target\":{\"@type\":\"EntryPoint\",\"urlTemplate\":\"https:\\\/\\\/lasvaliimpuidu.ee\\\/fi\\\/?s={search_term_string}\"},\"query-input\":{\"@type\":\"PropertyValueSpecification\",\"valueRequired\":true,\"valueName\":\"search_term_string\"}}],\"inLanguage\":\"en-US\"}]}<\/script>\n<!-- \/ Yoast SEO plugin. -->","yoast_head_json":{"title":"Home - Lasva Liimpuidu","description":"Lasva Liimpuidu AS toodangusse kuuluvad: liimpuit (plaat ja toorik), m\u00f6\u00f6blidetail, t\u00e4ispuidust m\u00f6\u00f6bel, -akna ja -uksed.","robots":{"index":"index","follow":"follow","max-snippet":"max-snippet:-1","max-image-preview":"max-image-preview:large","max-video-preview":"max-video-preview:-1"},"canonical":"https:\/\/lasvaliimpuidu.ee\/en\/","og_locale":"en_US","og_type":"article","og_title":"Home - Lasva Liimpuidu","og_description":"Lasva Liimpuidu AS toodangusse kuuluvad: liimpuit (plaat ja toorik), m\u00f6\u00f6blidetail, t\u00e4ispuidust m\u00f6\u00f6bel, -akna ja -uksed.","og_url":"https:\/\/lasvaliimpuidu.ee\/en\/","og_site_name":"Lasva Liimpuidu","article_modified_time":"2023-05-05T08:56:02+00:00","twitter_card":"summary_large_image","twitter_misc":{"Est. reading time":"1 minute"},"schema":{"@context":"https:\/\/schema.org","@graph":[{"@type":"WebPage","@id":"https:\/\/lasvaliimpuidu.ee\/en\/","url":"https:\/\/lasvaliimpuidu.ee\/en\/","name":"Home - Lasva Liimpuidu","isPartOf":{"@id":"https:\/\/lasvaliimpuidu.ee\/fi\/#website"},"datePublished":"2018-10-31T11:24:47+00:00","dateModified":"2023-05-05T08:56:02+00:00","description":"Lasva Liimpuidu AS toodangusse kuuluvad: liimpuit (plaat ja toorik), m\u00f6\u00f6blidetail, t\u00e4ispuidust m\u00f6\u00f6bel, -akna ja -uksed.","breadcrumb":{"@id":"https:\/\/lasvaliimpuidu.ee\/en\/#breadcrumb"},"inLanguage":"en-US","potentialAction":[{"@type":"ReadAction","target":["https:\/\/lasvaliimpuidu.ee\/en\/"]}]},{"@type":"BreadcrumbList","@id":"https:\/\/lasvaliimpuidu.ee\/en\/#breadcrumb","itemListElement":[{"@type":"ListItem","position":1,"name":"Home","item":"https:\/\/lasvaliimpuidu.ee\/en\/"},{"@type":"ListItem","position":2,"name":"Home"}]},{"@type":"WebSite","@id":"https:\/\/lasvaliimpuidu.ee\/fi\/#website","url":"https:\/\/lasvaliimpuidu.ee\/fi\/","name":"Lasva Liimpuidu","description":"Liimpuit, m\u00f6\u00f6blidetail, t\u00e4ispuidust m\u00f6\u00f6bel, -akna ja -uksed.","potentialAction":[{"@type":"SearchAction","target":{"@type":"EntryPoint","urlTemplate":"https:\/\/lasvaliimpuidu.ee\/fi\/?s={search_term_string}"},"query-input":{"@type":"PropertyValueSpecification","valueRequired":true,"valueName":"search_term_string"}}],"inLanguage":"en-US"}]}},"_links":{"self":[{"href":"https:\/\/lasvaliimpuidu.ee\/en\/wp-json\/wp\/v2\/pages\/315","targetHints":{"allow":["GET"]}}],"collection":[{"href":"https:\/\/lasvaliimpuidu.ee\/en\/wp-json\/wp\/v2\/pages"}],"about":[{"href":"https:\/\/lasvaliimpuidu.ee\/en\/wp-json\/wp\/v2\/types\/page"}],"author":[{"embeddable":true,"href":"https:\/\/lasvaliimpuidu.ee\/en\/wp-json\/wp\/v2\/users\/1"}],"replies":[{"embeddable":true,"href":"https:\/\/lasvaliimpuidu.ee\/en\/wp-json\/wp\/v2\/comments?post=315"}],"version-history":[{"count":24,"href":"https:\/\/lasvaliimpuidu.ee\/en\/wp-json\/wp\/v2\/pages\/315\/revisions"}],"predecessor-version":[{"id":1915,"href":"https:\/\/lasvaliimpuidu.ee\/en\/wp-json\/wp\/v2\/pages\/315\/revisions\/1915"}],"wp:attachment":[{"href":"https:\/\/lasvaliimpuidu.ee\/en\/wp-json\/wp\/v2\/media?parent=315"}],"curies":[{"name":"wp","href":"https:\/\/api.w.org\/{rel}","templated":true}]}}