{"id":480,"date":"2018-12-06T12:59:02","date_gmt":"2018-12-06T10:59:02","guid":{"rendered":"https:\/\/lasvaliimpuidu.ee\/?page_id=480"},"modified":"2021-04-12T12:34:45","modified_gmt":"2021-04-12T09:34:45","slug":"480-2","status":"publish","type":"page","link":"https:\/\/lasvaliimpuidu.ee\/en\/480-2\/","title":{"rendered":"Panels"},"content":{"rendered":"<p>Only solid \/whole length lamellas\/slats are used for the panels and all panels are assembled separately according to ordered dimensions and quality. Width of lamellas:<\/p>\n<ul>\n<li>are 38-45mm,<\/li>\n<li>for knot-less panels up to 70mm.<\/li>\n<\/ul>\n<p>Technological dimensions for panels:<\/p>\n<ul>\n<li>length 2500-3100mm (including margins),<\/li>\n<ul>\n<li>2100-&#8230; mm (please contact if needed )<\/li>\n<\/ul>\n<li>width min 2 widths of lamella, up to 1250mm (please contact if needed more),<\/li>\n<li>Thickness 15-50mm\n<ul>\n<li>10-14,9 and 50-&#8230; mm (please contact if needed )<\/li>\n<\/ul>\n<\/li>\n<\/ul>\n<p>Glued construction materials are possible to make only if technology can support, please check technological dimensions noted.<br \/>\nWe use pine and spruce, that is supplied from Estonia, Finland and Sweden.<\/p>\n<p>We do own FSC certificate.<\/p>\n<p>Ordering info:<\/p>\n<ul>\n<li><a href=\"https:\/\/lasvaliimpuidu.ee\/wp-content\/uploads\/2018\/08\/kvaliteeditingimused.pdf\" target=\"_blank\" rel=\"noopener\"><strong>Quality terms<\/strong><\/a> can be downloaded from webpage.<\/li>\n<li>Please set quality for both sides of panel separately.<\/li>\n<li>Most used thickness: 15, 16, 18, 20, 22, 25, 26, 30<\/li>\n<li>We prefer order volume per position\/dimension min 50 pcs.<\/li>\n<\/ul>\n\n\t\t<style type=\"text\/css\">\n\t\t\t#gallery-1 {\n\t\t\t\tmargin: auto;\n\t\t\t}\n\t\t\t#gallery-1 .gallery-item {\n\t\t\t\tfloat: left;\n\t\t\t\tmargin-top: 10px;\n\t\t\t\ttext-align: center;\n\t\t\t\twidth: 25%;\n\t\t\t}\n\t\t\t#gallery-1 img {\n\t\t\t\tborder: 2px solid #cfcfcf;\n\t\t\t}\n\t\t\t#gallery-1 .gallery-caption {\n\t\t\t\tmargin-left: 0;\n\t\t\t}\n\t\t\t\/* see gallery_shortcode() in wp-includes\/media.php *\/\n\t\t<\/style>\n\t\t<div id='gallery-1' class='gallery galleryid-480 gallery-columns-4 gallery-size-thumbnail'><dl class='gallery-item'>\n\t\t\t<dt class='gallery-icon landscape'>\n\t\t\t\t<a href='https:\/\/lasvaliimpuidu.ee\/wp-content\/uploads\/2018\/08\/liimpuitplaat-1.jpg' title=\"\" data-rl_title=\"\" class=\"rl-gallery-link\" data-rl_caption=\"\" data-rel=\"lightbox-gallery-1\"><img loading=\"lazy\" decoding=\"async\" width=\"400\" height=\"300\" src=\"https:\/\/lasvaliimpuidu.ee\/wp-content\/uploads\/2018\/08\/liimpuitplaat-1-400x300.jpg\" class=\"attachment-thumbnail size-thumbnail\" alt=\"\" \/><\/a>\n\t\t\t<\/dt><\/dl><dl class='gallery-item'>\n\t\t\t<dt class='gallery-icon landscape'>\n\t\t\t\t<a href='https:\/\/lasvaliimpuidu.ee\/wp-content\/uploads\/2018\/08\/liimpuitplaat-2.jpg' title=\"\" data-rl_title=\"\" class=\"rl-gallery-link\" data-rl_caption=\"\" data-rel=\"lightbox-gallery-1\"><img loading=\"lazy\" decoding=\"async\" width=\"400\" height=\"300\" src=\"https:\/\/lasvaliimpuidu.ee\/wp-content\/uploads\/2018\/08\/liimpuitplaat-2-400x300.jpg\" class=\"attachment-thumbnail size-thumbnail\" alt=\"\" \/><\/a>\n\t\t\t<\/dt><\/dl><dl class='gallery-item'>\n\t\t\t<dt class='gallery-icon portrait'>\n\t\t\t\t<a href='https:\/\/lasvaliimpuidu.ee\/wp-content\/uploads\/2018\/08\/liimpuitplaat-3.jpg' title=\"\" data-rl_title=\"\" class=\"rl-gallery-link\" data-rl_caption=\"\" data-rel=\"lightbox-gallery-1\"><img loading=\"lazy\" decoding=\"async\" width=\"400\" height=\"300\" src=\"https:\/\/lasvaliimpuidu.ee\/wp-content\/uploads\/2018\/08\/liimpuitplaat-3-400x300.jpg\" class=\"attachment-thumbnail size-thumbnail\" alt=\"\" \/><\/a>\n\t\t\t<\/dt><\/dl><dl class='gallery-item'>\n\t\t\t<dt class='gallery-icon landscape'>\n\t\t\t\t<a href='https:\/\/lasvaliimpuidu.ee\/wp-content\/uploads\/2018\/08\/liimpuitplaat-4.jpg' title=\"\" data-rl_title=\"\" class=\"rl-gallery-link\" data-rl_caption=\"\" data-rel=\"lightbox-gallery-1\"><img loading=\"lazy\" decoding=\"async\" width=\"400\" height=\"300\" src=\"https:\/\/lasvaliimpuidu.ee\/wp-content\/uploads\/2018\/08\/liimpuitplaat-4-400x300.jpg\" class=\"attachment-thumbnail size-thumbnail\" alt=\"\" srcset=\"https:\/\/lasvaliimpuidu.ee\/wp-content\/uploads\/2018\/08\/liimpuitplaat-4-400x300.jpg 400w, https:\/\/lasvaliimpuidu.ee\/wp-content\/uploads\/2018\/08\/liimpuitplaat-4-768x576.jpg 768w, https:\/\/lasvaliimpuidu.ee\/wp-content\/uploads\/2018\/08\/liimpuitplaat-4.jpg 800w\" sizes=\"auto, (max-width: 400px) 100vw, 400px\" \/><\/a>\n\t\t\t<\/dt><\/dl><br style=\"clear: both\" \/>\n\t\t<\/div>\n\n","protected":false},"excerpt":{"rendered":"<p>Only solid \/whole length lamellas\/slats are used for the panels and all panels are assembled separately according to ordered dimensions and quality. Width of lamellas: are 38-45mm, for knot-less panels up to 70mm. Technological dimensions for panels: length 2500-3100mm (including margins), 2100-&#8230; mm (please contact if needed ) width min 2 widths of lamella, up [&hellip;]<\/p>\n","protected":false},"author":2,"featured_media":0,"parent":0,"menu_order":0,"comment_status":"closed","ping_status":"closed","template":"","meta":{"_acf_changed":false,"footnotes":""},"class_list":["post-480","page","type-page","status-publish","hentry"],"acf":[],"yoast_head":"<!-- This site is optimized with the Yoast SEO plugin v27.4 - https:\/\/yoast.com\/product\/yoast-seo-wordpress\/ -->\n<title>Panels - Lasva Liimpuidu<\/title>\n<meta name=\"description\" content=\"Lasva Liimpuidu AS toodangusse kuuluvad: liimpuit (plaat ja toorik), m\u00f6\u00f6blidetail, t\u00e4ispuidust m\u00f6\u00f6bel, -akna ja -uksed.\" \/>\n<meta name=\"robots\" content=\"index, follow, max-snippet:-1, max-image-preview:large, max-video-preview:-1\" \/>\n<link rel=\"canonical\" href=\"https:\/\/lasvaliimpuidu.ee\/en\/480-2\/\" \/>\n<meta property=\"og:locale\" content=\"en_US\" \/>\n<meta property=\"og:type\" content=\"article\" \/>\n<meta property=\"og:title\" content=\"Panels - Lasva Liimpuidu\" \/>\n<meta property=\"og:description\" content=\"Lasva Liimpuidu AS toodangusse kuuluvad: liimpuit (plaat ja toorik), m\u00f6\u00f6blidetail, t\u00e4ispuidust m\u00f6\u00f6bel, -akna ja -uksed.\" \/>\n<meta property=\"og:url\" content=\"https:\/\/lasvaliimpuidu.ee\/en\/480-2\/\" \/>\n<meta property=\"og:site_name\" content=\"Lasva Liimpuidu\" \/>\n<meta property=\"article:modified_time\" content=\"2021-04-12T09:34:45+00:00\" \/>\n<meta property=\"og:image\" content=\"https:\/\/lasvaliimpuidu.ee\/wp-content\/uploads\/2018\/08\/liimpuitplaat-1-400x300.jpg\" \/>\n<meta name=\"twitter:card\" content=\"summary_large_image\" \/>\n<meta name=\"twitter:label1\" content=\"Est. reading time\" \/>\n\t<meta name=\"twitter:data1\" content=\"1 minute\" \/>\n<script type=\"application\/ld+json\" class=\"yoast-schema-graph\">{\"@context\":\"https:\\\/\\\/schema.org\",\"@graph\":[{\"@type\":\"WebPage\",\"@id\":\"https:\\\/\\\/lasvaliimpuidu.ee\\\/en\\\/480-2\\\/\",\"url\":\"https:\\\/\\\/lasvaliimpuidu.ee\\\/en\\\/480-2\\\/\",\"name\":\"Panels - Lasva Liimpuidu\",\"isPartOf\":{\"@id\":\"https:\\\/\\\/lasvaliimpuidu.ee\\\/fi\\\/#website\"},\"datePublished\":\"2018-12-06T10:59:02+00:00\",\"dateModified\":\"2021-04-12T09:34:45+00:00\",\"description\":\"Lasva Liimpuidu AS toodangusse kuuluvad: liimpuit (plaat ja toorik), m\u00f6\u00f6blidetail, t\u00e4ispuidust m\u00f6\u00f6bel, -akna ja -uksed.\",\"breadcrumb\":{\"@id\":\"https:\\\/\\\/lasvaliimpuidu.ee\\\/en\\\/480-2\\\/#breadcrumb\"},\"inLanguage\":\"en-US\",\"potentialAction\":[{\"@type\":\"ReadAction\",\"target\":[\"https:\\\/\\\/lasvaliimpuidu.ee\\\/en\\\/480-2\\\/\"]}]},{\"@type\":\"BreadcrumbList\",\"@id\":\"https:\\\/\\\/lasvaliimpuidu.ee\\\/en\\\/480-2\\\/#breadcrumb\",\"itemListElement\":[{\"@type\":\"ListItem\",\"position\":1,\"name\":\"Home\",\"item\":\"https:\\\/\\\/lasvaliimpuidu.ee\\\/en\\\/\"},{\"@type\":\"ListItem\",\"position\":2,\"name\":\"Panels\"}]},{\"@type\":\"WebSite\",\"@id\":\"https:\\\/\\\/lasvaliimpuidu.ee\\\/fi\\\/#website\",\"url\":\"https:\\\/\\\/lasvaliimpuidu.ee\\\/fi\\\/\",\"name\":\"Lasva Liimpuidu\",\"description\":\"Liimpuit, m\u00f6\u00f6blidetail, t\u00e4ispuidust m\u00f6\u00f6bel, -akna ja -uksed.\",\"potentialAction\":[{\"@type\":\"SearchAction\",\"target\":{\"@type\":\"EntryPoint\",\"urlTemplate\":\"https:\\\/\\\/lasvaliimpuidu.ee\\\/fi\\\/?s={search_term_string}\"},\"query-input\":{\"@type\":\"PropertyValueSpecification\",\"valueRequired\":true,\"valueName\":\"search_term_string\"}}],\"inLanguage\":\"en-US\"}]}<\/script>\n<!-- \/ Yoast SEO plugin. -->","yoast_head_json":{"title":"Panels - Lasva Liimpuidu","description":"Lasva Liimpuidu AS toodangusse kuuluvad: liimpuit (plaat ja toorik), m\u00f6\u00f6blidetail, t\u00e4ispuidust m\u00f6\u00f6bel, -akna ja -uksed.","robots":{"index":"index","follow":"follow","max-snippet":"max-snippet:-1","max-image-preview":"max-image-preview:large","max-video-preview":"max-video-preview:-1"},"canonical":"https:\/\/lasvaliimpuidu.ee\/en\/480-2\/","og_locale":"en_US","og_type":"article","og_title":"Panels - Lasva Liimpuidu","og_description":"Lasva Liimpuidu AS toodangusse kuuluvad: liimpuit (plaat ja toorik), m\u00f6\u00f6blidetail, t\u00e4ispuidust m\u00f6\u00f6bel, -akna ja -uksed.","og_url":"https:\/\/lasvaliimpuidu.ee\/en\/480-2\/","og_site_name":"Lasva Liimpuidu","article_modified_time":"2021-04-12T09:34:45+00:00","og_image":[{"url":"https:\/\/lasvaliimpuidu.ee\/wp-content\/uploads\/2018\/08\/liimpuitplaat-1-400x300.jpg","type":"","width":"","height":""}],"twitter_card":"summary_large_image","twitter_misc":{"Est. reading time":"1 minute"},"schema":{"@context":"https:\/\/schema.org","@graph":[{"@type":"WebPage","@id":"https:\/\/lasvaliimpuidu.ee\/en\/480-2\/","url":"https:\/\/lasvaliimpuidu.ee\/en\/480-2\/","name":"Panels - Lasva Liimpuidu","isPartOf":{"@id":"https:\/\/lasvaliimpuidu.ee\/fi\/#website"},"datePublished":"2018-12-06T10:59:02+00:00","dateModified":"2021-04-12T09:34:45+00:00","description":"Lasva Liimpuidu AS toodangusse kuuluvad: liimpuit (plaat ja toorik), m\u00f6\u00f6blidetail, t\u00e4ispuidust m\u00f6\u00f6bel, -akna ja -uksed.","breadcrumb":{"@id":"https:\/\/lasvaliimpuidu.ee\/en\/480-2\/#breadcrumb"},"inLanguage":"en-US","potentialAction":[{"@type":"ReadAction","target":["https:\/\/lasvaliimpuidu.ee\/en\/480-2\/"]}]},{"@type":"BreadcrumbList","@id":"https:\/\/lasvaliimpuidu.ee\/en\/480-2\/#breadcrumb","itemListElement":[{"@type":"ListItem","position":1,"name":"Home","item":"https:\/\/lasvaliimpuidu.ee\/en\/"},{"@type":"ListItem","position":2,"name":"Panels"}]},{"@type":"WebSite","@id":"https:\/\/lasvaliimpuidu.ee\/fi\/#website","url":"https:\/\/lasvaliimpuidu.ee\/fi\/","name":"Lasva Liimpuidu","description":"Liimpuit, m\u00f6\u00f6blidetail, t\u00e4ispuidust m\u00f6\u00f6bel, -akna ja -uksed.","potentialAction":[{"@type":"SearchAction","target":{"@type":"EntryPoint","urlTemplate":"https:\/\/lasvaliimpuidu.ee\/fi\/?s={search_term_string}"},"query-input":{"@type":"PropertyValueSpecification","valueRequired":true,"valueName":"search_term_string"}}],"inLanguage":"en-US"}]}},"_links":{"self":[{"href":"https:\/\/lasvaliimpuidu.ee\/en\/wp-json\/wp\/v2\/pages\/480","targetHints":{"allow":["GET"]}}],"collection":[{"href":"https:\/\/lasvaliimpuidu.ee\/en\/wp-json\/wp\/v2\/pages"}],"about":[{"href":"https:\/\/lasvaliimpuidu.ee\/en\/wp-json\/wp\/v2\/types\/page"}],"author":[{"embeddable":true,"href":"https:\/\/lasvaliimpuidu.ee\/en\/wp-json\/wp\/v2\/users\/2"}],"replies":[{"embeddable":true,"href":"https:\/\/lasvaliimpuidu.ee\/en\/wp-json\/wp\/v2\/comments?post=480"}],"version-history":[{"count":12,"href":"https:\/\/lasvaliimpuidu.ee\/en\/wp-json\/wp\/v2\/pages\/480\/revisions"}],"predecessor-version":[{"id":1308,"href":"https:\/\/lasvaliimpuidu.ee\/en\/wp-json\/wp\/v2\/pages\/480\/revisions\/1308"}],"wp:attachment":[{"href":"https:\/\/lasvaliimpuidu.ee\/en\/wp-json\/wp\/v2\/media?parent=480"}],"curies":[{"name":"wp","href":"https:\/\/api.w.org\/{rel}","templated":true}]}}