{"id":493,"date":"2018-12-06T20:50:50","date_gmt":"2018-12-06T18:50:50","guid":{"rendered":"https:\/\/lasvaliimpuidu.ee\/?page_id=493"},"modified":"2018-12-06T20:50:50","modified_gmt":"2018-12-06T18:50:50","slug":"buy","status":"publish","type":"page","link":"https:\/\/lasvaliimpuidu.ee\/en\/buy\/","title":{"rendered":"Buy"},"content":{"rendered":"<p>We buy sawn timber &#8211; pine and spruce.<\/p>\n<p>Dimensions in use (mm):<br \/>\n50&#215;150<br \/>\n50&#215;125<br \/>\n50&#215;115<br \/>\n50&#215;100<br \/>\n48&#215;92<br \/>\n44&#215;85<\/p>\n<p>Material lenght in use(3000) 4600 &#8211; 6000 mm.<\/p>\n<p>Quality SF+VI, ABC, knotless, kiln dryed 8% (+\/-2).<\/p>\n","protected":false},"excerpt":{"rendered":"<p>We buy sawn timber &#8211; pine and spruce. Dimensions in use (mm): 50&#215;150 50&#215;125 50&#215;115 50&#215;100 48&#215;92 44&#215;85 Material lenght in use(3000) 4600 &#8211; 6000 mm. Quality SF+VI, ABC, knotless, kiln dryed 8% (+\/-2).<\/p>\n","protected":false},"author":2,"featured_media":0,"parent":0,"menu_order":0,"comment_status":"closed","ping_status":"closed","template":"","meta":{"_acf_changed":false,"footnotes":""},"class_list":["post-493","page","type-page","status-publish","hentry"],"acf":[],"yoast_head":"<!-- This site is optimized with the Yoast SEO plugin v27.6 - https:\/\/yoast.com\/product\/yoast-seo-wordpress\/ -->\n<title>Buy - Lasva Liimpuidu<\/title>\n<meta name=\"description\" content=\"Lasva Liimpuidu AS toodangusse kuuluvad: liimpuit (plaat ja toorik), m\u00f6\u00f6blidetail, t\u00e4ispuidust m\u00f6\u00f6bel, -akna ja -uksed.\" \/>\n<meta name=\"robots\" content=\"index, follow, max-snippet:-1, max-image-preview:large, max-video-preview:-1\" \/>\n<link rel=\"canonical\" href=\"https:\/\/lasvaliimpuidu.ee\/en\/buy\/\" \/>\n<meta property=\"og:locale\" content=\"en_US\" \/>\n<meta property=\"og:type\" content=\"article\" \/>\n<meta property=\"og:title\" content=\"Buy - Lasva Liimpuidu\" \/>\n<meta property=\"og:description\" content=\"Lasva Liimpuidu AS toodangusse kuuluvad: liimpuit (plaat ja toorik), m\u00f6\u00f6blidetail, t\u00e4ispuidust m\u00f6\u00f6bel, -akna ja -uksed.\" \/>\n<meta property=\"og:url\" content=\"https:\/\/lasvaliimpuidu.ee\/en\/buy\/\" \/>\n<meta property=\"og:site_name\" content=\"Lasva Liimpuidu\" \/>\n<meta name=\"twitter:card\" content=\"summary_large_image\" \/>\n<script type=\"application\/ld+json\" class=\"yoast-schema-graph\">{\"@context\":\"https:\\\/\\\/schema.org\",\"@graph\":[{\"@type\":\"WebPage\",\"@id\":\"https:\\\/\\\/lasvaliimpuidu.ee\\\/en\\\/buy\\\/\",\"url\":\"https:\\\/\\\/lasvaliimpuidu.ee\\\/en\\\/buy\\\/\",\"name\":\"Buy - Lasva Liimpuidu\",\"isPartOf\":{\"@id\":\"https:\\\/\\\/lasvaliimpuidu.ee\\\/fi\\\/#website\"},\"datePublished\":\"2018-12-06T18:50:50+00:00\",\"description\":\"Lasva Liimpuidu AS toodangusse kuuluvad: liimpuit (plaat ja toorik), m\u00f6\u00f6blidetail, t\u00e4ispuidust m\u00f6\u00f6bel, -akna ja -uksed.\",\"breadcrumb\":{\"@id\":\"https:\\\/\\\/lasvaliimpuidu.ee\\\/en\\\/buy\\\/#breadcrumb\"},\"inLanguage\":\"en-US\",\"potentialAction\":[{\"@type\":\"ReadAction\",\"target\":[\"https:\\\/\\\/lasvaliimpuidu.ee\\\/en\\\/buy\\\/\"]}]},{\"@type\":\"BreadcrumbList\",\"@id\":\"https:\\\/\\\/lasvaliimpuidu.ee\\\/en\\\/buy\\\/#breadcrumb\",\"itemListElement\":[{\"@type\":\"ListItem\",\"position\":1,\"name\":\"Home\",\"item\":\"https:\\\/\\\/lasvaliimpuidu.ee\\\/en\\\/\"},{\"@type\":\"ListItem\",\"position\":2,\"name\":\"Buy\"}]},{\"@type\":\"WebSite\",\"@id\":\"https:\\\/\\\/lasvaliimpuidu.ee\\\/fi\\\/#website\",\"url\":\"https:\\\/\\\/lasvaliimpuidu.ee\\\/fi\\\/\",\"name\":\"Lasva Liimpuidu\",\"description\":\"Liimpuit, m\u00f6\u00f6blidetail, t\u00e4ispuidust m\u00f6\u00f6bel, -akna ja -uksed.\",\"potentialAction\":[{\"@type\":\"SearchAction\",\"target\":{\"@type\":\"EntryPoint\",\"urlTemplate\":\"https:\\\/\\\/lasvaliimpuidu.ee\\\/fi\\\/?s={search_term_string}\"},\"query-input\":{\"@type\":\"PropertyValueSpecification\",\"valueRequired\":true,\"valueName\":\"search_term_string\"}}],\"inLanguage\":\"en-US\"}]}<\/script>\n<!-- \/ Yoast SEO plugin. -->","yoast_head_json":{"title":"Buy - Lasva Liimpuidu","description":"Lasva Liimpuidu AS toodangusse kuuluvad: liimpuit (plaat ja toorik), m\u00f6\u00f6blidetail, t\u00e4ispuidust m\u00f6\u00f6bel, -akna ja -uksed.","robots":{"index":"index","follow":"follow","max-snippet":"max-snippet:-1","max-image-preview":"max-image-preview:large","max-video-preview":"max-video-preview:-1"},"canonical":"https:\/\/lasvaliimpuidu.ee\/en\/buy\/","og_locale":"en_US","og_type":"article","og_title":"Buy - Lasva Liimpuidu","og_description":"Lasva Liimpuidu AS toodangusse kuuluvad: liimpuit (plaat ja toorik), m\u00f6\u00f6blidetail, t\u00e4ispuidust m\u00f6\u00f6bel, -akna ja -uksed.","og_url":"https:\/\/lasvaliimpuidu.ee\/en\/buy\/","og_site_name":"Lasva Liimpuidu","twitter_card":"summary_large_image","schema":{"@context":"https:\/\/schema.org","@graph":[{"@type":"WebPage","@id":"https:\/\/lasvaliimpuidu.ee\/en\/buy\/","url":"https:\/\/lasvaliimpuidu.ee\/en\/buy\/","name":"Buy - Lasva Liimpuidu","isPartOf":{"@id":"https:\/\/lasvaliimpuidu.ee\/fi\/#website"},"datePublished":"2018-12-06T18:50:50+00:00","description":"Lasva Liimpuidu AS toodangusse kuuluvad: liimpuit (plaat ja toorik), m\u00f6\u00f6blidetail, t\u00e4ispuidust m\u00f6\u00f6bel, -akna ja -uksed.","breadcrumb":{"@id":"https:\/\/lasvaliimpuidu.ee\/en\/buy\/#breadcrumb"},"inLanguage":"en-US","potentialAction":[{"@type":"ReadAction","target":["https:\/\/lasvaliimpuidu.ee\/en\/buy\/"]}]},{"@type":"BreadcrumbList","@id":"https:\/\/lasvaliimpuidu.ee\/en\/buy\/#breadcrumb","itemListElement":[{"@type":"ListItem","position":1,"name":"Home","item":"https:\/\/lasvaliimpuidu.ee\/en\/"},{"@type":"ListItem","position":2,"name":"Buy"}]},{"@type":"WebSite","@id":"https:\/\/lasvaliimpuidu.ee\/fi\/#website","url":"https:\/\/lasvaliimpuidu.ee\/fi\/","name":"Lasva Liimpuidu","description":"Liimpuit, m\u00f6\u00f6blidetail, t\u00e4ispuidust m\u00f6\u00f6bel, -akna ja -uksed.","potentialAction":[{"@type":"SearchAction","target":{"@type":"EntryPoint","urlTemplate":"https:\/\/lasvaliimpuidu.ee\/fi\/?s={search_term_string}"},"query-input":{"@type":"PropertyValueSpecification","valueRequired":true,"valueName":"search_term_string"}}],"inLanguage":"en-US"}]}},"_links":{"self":[{"href":"https:\/\/lasvaliimpuidu.ee\/en\/wp-json\/wp\/v2\/pages\/493","targetHints":{"allow":["GET"]}}],"collection":[{"href":"https:\/\/lasvaliimpuidu.ee\/en\/wp-json\/wp\/v2\/pages"}],"about":[{"href":"https:\/\/lasvaliimpuidu.ee\/en\/wp-json\/wp\/v2\/types\/page"}],"author":[{"embeddable":true,"href":"https:\/\/lasvaliimpuidu.ee\/en\/wp-json\/wp\/v2\/users\/2"}],"replies":[{"embeddable":true,"href":"https:\/\/lasvaliimpuidu.ee\/en\/wp-json\/wp\/v2\/comments?post=493"}],"version-history":[{"count":1,"href":"https:\/\/lasvaliimpuidu.ee\/en\/wp-json\/wp\/v2\/pages\/493\/revisions"}],"predecessor-version":[{"id":496,"href":"https:\/\/lasvaliimpuidu.ee\/en\/wp-json\/wp\/v2\/pages\/493\/revisions\/496"}],"wp:attachment":[{"href":"https:\/\/lasvaliimpuidu.ee\/en\/wp-json\/wp\/v2\/media?parent=493"}],"curies":[{"name":"wp","href":"https:\/\/api.w.org\/{rel}","templated":true}]}}