{"id":498,"date":"2018-12-06T21:06:44","date_gmt":"2018-12-06T19:06:44","guid":{"rendered":"https:\/\/lasvaliimpuidu.ee\/?page_id=498"},"modified":"2018-12-23T15:03:31","modified_gmt":"2018-12-23T13:03:31","slug":"kontakt","status":"publish","type":"page","link":"https:\/\/lasvaliimpuidu.ee\/en\/kontakt\/","title":{"rendered":"Contacts"},"content":{"rendered":"<div class=\"row\">\n<div class=\"col-md-6\">\n<div class=\"row\">\n<div class=\"col-sm-6\">\n<h3>Lasva Liimpuidu AS<\/h3>\n<p>T\u00f6\u00f6stuse tee 8, V\u00f5ru vald, Lasva k\u00fcla, 65401 V\u00f5rumaa, Eesti<\/p>\n<p>E-mail: <a href=\"&#x6d;&#x61;&#x69;&#x6c;&#116;&#111;&#58;&#105;nfo&#x40;&#x6c;&#x61;&#x73;&#x76;&#97;&#108;&#105;imp&#x75;&#x69;&#x64;&#x75;&#x2e;&#101;&#101;\" target=\"_blank\" rel=\"noopener\">&#105;&#x6e;&#x66;o&#64;&#x6c;a&#115;&#x76;&#x61;&#108;&#x69;&#x69;m&#112;&#x75;i&#100;&#x75;&#x2e;&#101;&#x65;<\/a><br \/>\noffice phone: +372 7828685<br \/>\noffice fax: +372 78 28686<\/p>\n<\/div>\n<div class=\"col-sm-6\">\n<h3>Ivar K\u00f5om\u00e4gi<\/h3>\n<p><em>Sales, info<\/em><br \/>\ne-mail: <a href=\"&#x6d;&#x61;&#x69;&#x6c;&#x74;&#x6f;&#x3a;&#x73;&#97;&#108;&#101;&#64;&#108;&#97;&#115;vali&#x69;&#x6d;&#x70;&#x75;&#x69;&#x64;&#x75;&#x2e;&#x65;&#101;\" target=\"_blank\" rel=\"noopener\">&#x73;&#x61;&#108;e&#64;&#x6c;&#x61;&#115;&#118;a&#x6c;&#x69;&#105;&#109;p&#x75;&#x69;&#x64;&#117;&#46;e&#x65;<\/a><br \/>\nmobile phone: +372 5078574<br \/>\nskype: sale.lasvaliimpuidu<\/p>\n<\/div>\n<\/div>\n<\/div>\n<div class=\"col-md-6 kaart\"><iframe loading=\"lazy\" style=\"border: 0;\" src=\"https:\/\/www.google.com\/maps\/embed?pb=!1m18!1m12!1m3!1d228775.9917085891!2d27.018591468178844!3d57.81009470489118!2m3!1f0!2f0!3f0!3m2!1i1024!2i768!4f13.1!3m3!1m2!1s0x46eaefb333fb8f09%3A0xf2924b3da9601c32!2sLasva+Liimpuit!5e0!3m2!1sen!2sus!4v1535023700509\" width=\"600\" height=\"450\" frameborder=\"0\" allowfullscreen=\"allowfullscreen\"><\/iframe><\/div>\n<\/div>\n","protected":false},"excerpt":{"rendered":"<p>Lasva Liimpuidu AS T\u00f6\u00f6stuse tee 8, V\u00f5ru vald, Lasva k\u00fcla, 65401 V\u00f5rumaa, Eesti E-mail: &#x69;&#x6e;&#x66;&#x6f;&#64;&#108;asv&#x61;&#x6c;&#x69;&#x69;&#109;&#112;uid&#x75;&#x2e;&#x65;&#x65; office phone: +372 7828685 office fax: +372 78 28686 Ivar K\u00f5om\u00e4gi Sales, info e-mail: &#x73;&#x61;&#x6c;&#x65;&#x40;&#x6c;&#x61;&#x73;&#x76;&#x61;&#x6c;&#x69;&#x69;&#x6d;&#x70;&#x75;&#x69;&#x64;&#x75;&#x2e;&#x65;&#x65; mobile phone: +372 5078574 skype: sale.lasvaliimpuidu<\/p>\n","protected":false},"author":2,"featured_media":0,"parent":0,"menu_order":0,"comment_status":"closed","ping_status":"closed","template":"","meta":{"_acf_changed":false,"footnotes":""},"class_list":["post-498","page","type-page","status-publish","hentry"],"acf":[],"yoast_head":"<!-- This site is optimized with the Yoast SEO plugin v27.4 - https:\/\/yoast.com\/product\/yoast-seo-wordpress\/ -->\n<title>Contacts - Lasva Liimpuidu<\/title>\n<meta name=\"description\" content=\"Lasva Liimpuidu AS toodangusse kuuluvad: liimpuit (plaat ja toorik), m\u00f6\u00f6blidetail, t\u00e4ispuidust m\u00f6\u00f6bel, -akna ja -uksed.\" \/>\n<meta name=\"robots\" content=\"index, follow, max-snippet:-1, max-image-preview:large, max-video-preview:-1\" \/>\n<link rel=\"canonical\" href=\"https:\/\/lasvaliimpuidu.ee\/en\/kontakt\/\" \/>\n<meta property=\"og:locale\" content=\"en_US\" \/>\n<meta property=\"og:type\" content=\"article\" \/>\n<meta property=\"og:title\" content=\"Contacts - Lasva Liimpuidu\" \/>\n<meta property=\"og:description\" content=\"Lasva Liimpuidu AS toodangusse kuuluvad: liimpuit (plaat ja toorik), m\u00f6\u00f6blidetail, t\u00e4ispuidust m\u00f6\u00f6bel, -akna ja -uksed.\" \/>\n<meta property=\"og:url\" content=\"https:\/\/lasvaliimpuidu.ee\/en\/kontakt\/\" \/>\n<meta property=\"og:site_name\" content=\"Lasva Liimpuidu\" \/>\n<meta property=\"article:modified_time\" content=\"2018-12-23T13:03:31+00:00\" \/>\n<meta name=\"twitter:card\" content=\"summary_large_image\" \/>\n<script type=\"application\/ld+json\" class=\"yoast-schema-graph\">{\"@context\":\"https:\\\/\\\/schema.org\",\"@graph\":[{\"@type\":\"WebPage\",\"@id\":\"https:\\\/\\\/lasvaliimpuidu.ee\\\/en\\\/kontakt\\\/\",\"url\":\"https:\\\/\\\/lasvaliimpuidu.ee\\\/en\\\/kontakt\\\/\",\"name\":\"Contacts - Lasva Liimpuidu\",\"isPartOf\":{\"@id\":\"https:\\\/\\\/lasvaliimpuidu.ee\\\/fi\\\/#website\"},\"datePublished\":\"2018-12-06T19:06:44+00:00\",\"dateModified\":\"2018-12-23T13:03:31+00:00\",\"description\":\"Lasva Liimpuidu AS toodangusse kuuluvad: liimpuit (plaat ja toorik), m\u00f6\u00f6blidetail, t\u00e4ispuidust m\u00f6\u00f6bel, -akna ja -uksed.\",\"breadcrumb\":{\"@id\":\"https:\\\/\\\/lasvaliimpuidu.ee\\\/en\\\/kontakt\\\/#breadcrumb\"},\"inLanguage\":\"en-US\",\"potentialAction\":[{\"@type\":\"ReadAction\",\"target\":[\"https:\\\/\\\/lasvaliimpuidu.ee\\\/en\\\/kontakt\\\/\"]}]},{\"@type\":\"BreadcrumbList\",\"@id\":\"https:\\\/\\\/lasvaliimpuidu.ee\\\/en\\\/kontakt\\\/#breadcrumb\",\"itemListElement\":[{\"@type\":\"ListItem\",\"position\":1,\"name\":\"Home\",\"item\":\"https:\\\/\\\/lasvaliimpuidu.ee\\\/en\\\/\"},{\"@type\":\"ListItem\",\"position\":2,\"name\":\"Contacts\"}]},{\"@type\":\"WebSite\",\"@id\":\"https:\\\/\\\/lasvaliimpuidu.ee\\\/fi\\\/#website\",\"url\":\"https:\\\/\\\/lasvaliimpuidu.ee\\\/fi\\\/\",\"name\":\"Lasva Liimpuidu\",\"description\":\"Liimpuit, m\u00f6\u00f6blidetail, t\u00e4ispuidust m\u00f6\u00f6bel, -akna ja -uksed.\",\"potentialAction\":[{\"@type\":\"SearchAction\",\"target\":{\"@type\":\"EntryPoint\",\"urlTemplate\":\"https:\\\/\\\/lasvaliimpuidu.ee\\\/fi\\\/?s={search_term_string}\"},\"query-input\":{\"@type\":\"PropertyValueSpecification\",\"valueRequired\":true,\"valueName\":\"search_term_string\"}}],\"inLanguage\":\"en-US\"}]}<\/script>\n<!-- \/ Yoast SEO plugin. -->","yoast_head_json":{"title":"Contacts - Lasva Liimpuidu","description":"Lasva Liimpuidu AS toodangusse kuuluvad: liimpuit (plaat ja toorik), m\u00f6\u00f6blidetail, t\u00e4ispuidust m\u00f6\u00f6bel, -akna ja -uksed.","robots":{"index":"index","follow":"follow","max-snippet":"max-snippet:-1","max-image-preview":"max-image-preview:large","max-video-preview":"max-video-preview:-1"},"canonical":"https:\/\/lasvaliimpuidu.ee\/en\/kontakt\/","og_locale":"en_US","og_type":"article","og_title":"Contacts - Lasva Liimpuidu","og_description":"Lasva Liimpuidu AS toodangusse kuuluvad: liimpuit (plaat ja toorik), m\u00f6\u00f6blidetail, t\u00e4ispuidust m\u00f6\u00f6bel, -akna ja -uksed.","og_url":"https:\/\/lasvaliimpuidu.ee\/en\/kontakt\/","og_site_name":"Lasva Liimpuidu","article_modified_time":"2018-12-23T13:03:31+00:00","twitter_card":"summary_large_image","schema":{"@context":"https:\/\/schema.org","@graph":[{"@type":"WebPage","@id":"https:\/\/lasvaliimpuidu.ee\/en\/kontakt\/","url":"https:\/\/lasvaliimpuidu.ee\/en\/kontakt\/","name":"Contacts - Lasva Liimpuidu","isPartOf":{"@id":"https:\/\/lasvaliimpuidu.ee\/fi\/#website"},"datePublished":"2018-12-06T19:06:44+00:00","dateModified":"2018-12-23T13:03:31+00:00","description":"Lasva Liimpuidu AS toodangusse kuuluvad: liimpuit (plaat ja toorik), m\u00f6\u00f6blidetail, t\u00e4ispuidust m\u00f6\u00f6bel, -akna ja -uksed.","breadcrumb":{"@id":"https:\/\/lasvaliimpuidu.ee\/en\/kontakt\/#breadcrumb"},"inLanguage":"en-US","potentialAction":[{"@type":"ReadAction","target":["https:\/\/lasvaliimpuidu.ee\/en\/kontakt\/"]}]},{"@type":"BreadcrumbList","@id":"https:\/\/lasvaliimpuidu.ee\/en\/kontakt\/#breadcrumb","itemListElement":[{"@type":"ListItem","position":1,"name":"Home","item":"https:\/\/lasvaliimpuidu.ee\/en\/"},{"@type":"ListItem","position":2,"name":"Contacts"}]},{"@type":"WebSite","@id":"https:\/\/lasvaliimpuidu.ee\/fi\/#website","url":"https:\/\/lasvaliimpuidu.ee\/fi\/","name":"Lasva Liimpuidu","description":"Liimpuit, m\u00f6\u00f6blidetail, t\u00e4ispuidust m\u00f6\u00f6bel, -akna ja -uksed.","potentialAction":[{"@type":"SearchAction","target":{"@type":"EntryPoint","urlTemplate":"https:\/\/lasvaliimpuidu.ee\/fi\/?s={search_term_string}"},"query-input":{"@type":"PropertyValueSpecification","valueRequired":true,"valueName":"search_term_string"}}],"inLanguage":"en-US"}]}},"_links":{"self":[{"href":"https:\/\/lasvaliimpuidu.ee\/en\/wp-json\/wp\/v2\/pages\/498","targetHints":{"allow":["GET"]}}],"collection":[{"href":"https:\/\/lasvaliimpuidu.ee\/en\/wp-json\/wp\/v2\/pages"}],"about":[{"href":"https:\/\/lasvaliimpuidu.ee\/en\/wp-json\/wp\/v2\/types\/page"}],"author":[{"embeddable":true,"href":"https:\/\/lasvaliimpuidu.ee\/en\/wp-json\/wp\/v2\/users\/2"}],"replies":[{"embeddable":true,"href":"https:\/\/lasvaliimpuidu.ee\/en\/wp-json\/wp\/v2\/comments?post=498"}],"version-history":[{"count":7,"href":"https:\/\/lasvaliimpuidu.ee\/en\/wp-json\/wp\/v2\/pages\/498\/revisions"}],"predecessor-version":[{"id":542,"href":"https:\/\/lasvaliimpuidu.ee\/en\/wp-json\/wp\/v2\/pages\/498\/revisions\/542"}],"wp:attachment":[{"href":"https:\/\/lasvaliimpuidu.ee\/en\/wp-json\/wp\/v2\/media?parent=498"}],"curies":[{"name":"wp","href":"https:\/\/api.w.org\/{rel}","templated":true}]}}