{"id":317,"date":"2018-10-31T13:25:08","date_gmt":"2018-10-31T11:25:08","guid":{"rendered":"https:\/\/lasvaliimpuidu.ee\/?page_id=317"},"modified":"2021-01-14T14:53:35","modified_gmt":"2021-01-14T12:53:35","slug":"etusivu","status":"publish","type":"page","link":"https:\/\/lasvaliimpuidu.ee\/fi\/","title":{"rendered":"Etusivu"},"content":{"rendered":"<p>Lasva Liimpuidu AS on perustettu vuonna 1994. T\u00e4ll\u00e4 hetkell\u00e4 on t\u00f6iss\u00e4 35 ihmista<br \/>\nMeid\u00e4n tuotevalikoimaan kuuluu:<\/p>\n<ul>\n<li style=\"list-style-type: none\">\n<ul>\n<li>Liimapuulevy \u2013 havupuu (kaluste-elementit, ovi- ja ikkunanelementit, juustohyllyt)<\/li>\n<li>Kaluste elementit \u2013 eri materiaalit<\/li>\n<li>Huonekalusteet \u2013 massiivipuu<\/li>\n<\/ul>\n<\/li>\n<\/ul>\n<p>Tarjottavat palvelut<\/p>\n<ul>\n<li>Puutavaran kuivaus<\/li>\n<li>Viimeistely pint\u00e4k\u00e4sittely<\/li>\n<li>Koneistus ( CNC-koneistus, poraaminen, jyrsint\u00e4)<\/li>\n<\/ul>\n<p>Yhteisty\u00f6kumppaneinamme ovat erilaiset teollisuudet, jotka k\u00e4ytt\u00e4v\u00e4t tuotteissaan puukomponentteja; ikkunoiden ja ovien, sein\u00e4paneelijen tuottajat, juustotehtaat, kalustekaupat (Virossa, Europpassa, Asiassa) jne.<\/p>\n<p>Raakaianena on k\u00e4yt\u00f6ss\u00e4 m\u00e4nnyn ja kuusen sahatavaraa joka on ostettu Virosta, Suomesta, Ruotsista ja muualta. Tarjoamme FSC sertifioitua materjaaleja, FSC sertifiointi <strong>SCS-COC-008092<\/strong> (<a href=\"https:\/\/info.fsc.org\/details.php?id=a024000000835eBAAQ&amp;type=certificate\" target=\"_blank\" rel=\"noopener noreferrer\">tarkista sertifioinnin<\/a>).<\/p>\n","protected":false},"excerpt":{"rendered":"<p>Lasva Liimpuidu AS on perustettu vuonna 1994. T\u00e4ll\u00e4 hetkell\u00e4 on t\u00f6iss\u00e4 35 ihmista Meid\u00e4n tuotevalikoimaan kuuluu: Liimapuulevy \u2013 havupuu (kaluste-elementit, ovi- ja ikkunanelementit, juustohyllyt) Kaluste elementit \u2013 eri materiaalit Huonekalusteet \u2013 massiivipuu Tarjottavat palvelut Puutavaran kuivaus Viimeistely pint\u00e4k\u00e4sittely Koneistus ( CNC-koneistus, poraaminen, jyrsint\u00e4) Yhteisty\u00f6kumppaneinamme ovat erilaiset teollisuudet, jotka k\u00e4ytt\u00e4v\u00e4t tuotteissaan puukomponentteja; ikkunoiden ja ovien, sein\u00e4paneelijen [&hellip;]<\/p>\n","protected":false},"author":1,"featured_media":0,"parent":0,"menu_order":0,"comment_status":"closed","ping_status":"closed","template":"","meta":{"_acf_changed":false,"footnotes":""},"class_list":["post-317","page","type-page","status-publish","hentry"],"acf":[],"yoast_head":"<!-- This site is optimized with the Yoast SEO plugin v27.4 - https:\/\/yoast.com\/product\/yoast-seo-wordpress\/ -->\n<title>Etusivu - Lasva Liimpuidu<\/title>\n<meta name=\"description\" content=\"Lasva Liimpuidu AS toodangusse kuuluvad: liimpuit (plaat ja toorik), m\u00f6\u00f6blidetail, t\u00e4ispuidust m\u00f6\u00f6bel, -akna ja -uksed.\" \/>\n<meta name=\"robots\" content=\"index, follow, max-snippet:-1, max-image-preview:large, max-video-preview:-1\" \/>\n<link rel=\"canonical\" href=\"https:\/\/lasvaliimpuidu.ee\/fi\/\" \/>\n<meta property=\"og:locale\" content=\"fi_FI\" \/>\n<meta property=\"og:type\" content=\"article\" \/>\n<meta property=\"og:title\" content=\"Etusivu - Lasva Liimpuidu\" \/>\n<meta property=\"og:description\" content=\"Lasva Liimpuidu AS toodangusse kuuluvad: liimpuit (plaat ja toorik), m\u00f6\u00f6blidetail, t\u00e4ispuidust m\u00f6\u00f6bel, -akna ja -uksed.\" \/>\n<meta property=\"og:url\" content=\"https:\/\/lasvaliimpuidu.ee\/fi\/\" \/>\n<meta property=\"og:site_name\" content=\"Lasva Liimpuidu\" \/>\n<meta property=\"article:modified_time\" content=\"2021-01-14T12:53:35+00:00\" \/>\n<meta name=\"twitter:card\" content=\"summary_large_image\" \/>\n<script type=\"application\/ld+json\" class=\"yoast-schema-graph\">{\"@context\":\"https:\\\/\\\/schema.org\",\"@graph\":[{\"@type\":\"WebPage\",\"@id\":\"https:\\\/\\\/lasvaliimpuidu.ee\\\/fi\\\/\",\"url\":\"https:\\\/\\\/lasvaliimpuidu.ee\\\/fi\\\/\",\"name\":\"Etusivu - Lasva Liimpuidu\",\"isPartOf\":{\"@id\":\"https:\\\/\\\/lasvaliimpuidu.ee\\\/fi\\\/#website\"},\"datePublished\":\"2018-10-31T11:25:08+00:00\",\"dateModified\":\"2021-01-14T12:53:35+00:00\",\"description\":\"Lasva Liimpuidu AS toodangusse kuuluvad: liimpuit (plaat ja toorik), m\u00f6\u00f6blidetail, t\u00e4ispuidust m\u00f6\u00f6bel, -akna ja -uksed.\",\"breadcrumb\":{\"@id\":\"https:\\\/\\\/lasvaliimpuidu.ee\\\/fi\\\/#breadcrumb\"},\"inLanguage\":\"fi\",\"potentialAction\":[{\"@type\":\"ReadAction\",\"target\":[\"https:\\\/\\\/lasvaliimpuidu.ee\\\/fi\\\/\"]}]},{\"@type\":\"BreadcrumbList\",\"@id\":\"https:\\\/\\\/lasvaliimpuidu.ee\\\/fi\\\/#breadcrumb\",\"itemListElement\":[{\"@type\":\"ListItem\",\"position\":1,\"name\":\"Home\",\"item\":\"https:\\\/\\\/lasvaliimpuidu.ee\\\/fi\\\/\"},{\"@type\":\"ListItem\",\"position\":2,\"name\":\"Etusivu\"}]},{\"@type\":\"WebSite\",\"@id\":\"https:\\\/\\\/lasvaliimpuidu.ee\\\/fi\\\/#website\",\"url\":\"https:\\\/\\\/lasvaliimpuidu.ee\\\/fi\\\/\",\"name\":\"Lasva Liimpuidu\",\"description\":\"Liimpuit, m\u00f6\u00f6blidetail, t\u00e4ispuidust m\u00f6\u00f6bel, -akna ja -uksed.\",\"potentialAction\":[{\"@type\":\"SearchAction\",\"target\":{\"@type\":\"EntryPoint\",\"urlTemplate\":\"https:\\\/\\\/lasvaliimpuidu.ee\\\/fi\\\/?s={search_term_string}\"},\"query-input\":{\"@type\":\"PropertyValueSpecification\",\"valueRequired\":true,\"valueName\":\"search_term_string\"}}],\"inLanguage\":\"fi\"}]}<\/script>\n<!-- \/ Yoast SEO plugin. -->","yoast_head_json":{"title":"Etusivu - Lasva Liimpuidu","description":"Lasva Liimpuidu AS toodangusse kuuluvad: liimpuit (plaat ja toorik), m\u00f6\u00f6blidetail, t\u00e4ispuidust m\u00f6\u00f6bel, -akna ja -uksed.","robots":{"index":"index","follow":"follow","max-snippet":"max-snippet:-1","max-image-preview":"max-image-preview:large","max-video-preview":"max-video-preview:-1"},"canonical":"https:\/\/lasvaliimpuidu.ee\/fi\/","og_locale":"fi_FI","og_type":"article","og_title":"Etusivu - Lasva Liimpuidu","og_description":"Lasva Liimpuidu AS toodangusse kuuluvad: liimpuit (plaat ja toorik), m\u00f6\u00f6blidetail, t\u00e4ispuidust m\u00f6\u00f6bel, -akna ja -uksed.","og_url":"https:\/\/lasvaliimpuidu.ee\/fi\/","og_site_name":"Lasva Liimpuidu","article_modified_time":"2021-01-14T12:53:35+00:00","twitter_card":"summary_large_image","schema":{"@context":"https:\/\/schema.org","@graph":[{"@type":"WebPage","@id":"https:\/\/lasvaliimpuidu.ee\/fi\/","url":"https:\/\/lasvaliimpuidu.ee\/fi\/","name":"Etusivu - Lasva Liimpuidu","isPartOf":{"@id":"https:\/\/lasvaliimpuidu.ee\/fi\/#website"},"datePublished":"2018-10-31T11:25:08+00:00","dateModified":"2021-01-14T12:53:35+00:00","description":"Lasva Liimpuidu AS toodangusse kuuluvad: liimpuit (plaat ja toorik), m\u00f6\u00f6blidetail, t\u00e4ispuidust m\u00f6\u00f6bel, -akna ja -uksed.","breadcrumb":{"@id":"https:\/\/lasvaliimpuidu.ee\/fi\/#breadcrumb"},"inLanguage":"fi","potentialAction":[{"@type":"ReadAction","target":["https:\/\/lasvaliimpuidu.ee\/fi\/"]}]},{"@type":"BreadcrumbList","@id":"https:\/\/lasvaliimpuidu.ee\/fi\/#breadcrumb","itemListElement":[{"@type":"ListItem","position":1,"name":"Home","item":"https:\/\/lasvaliimpuidu.ee\/fi\/"},{"@type":"ListItem","position":2,"name":"Etusivu"}]},{"@type":"WebSite","@id":"https:\/\/lasvaliimpuidu.ee\/fi\/#website","url":"https:\/\/lasvaliimpuidu.ee\/fi\/","name":"Lasva Liimpuidu","description":"Liimpuit, m\u00f6\u00f6blidetail, t\u00e4ispuidust m\u00f6\u00f6bel, -akna ja -uksed.","potentialAction":[{"@type":"SearchAction","target":{"@type":"EntryPoint","urlTemplate":"https:\/\/lasvaliimpuidu.ee\/fi\/?s={search_term_string}"},"query-input":{"@type":"PropertyValueSpecification","valueRequired":true,"valueName":"search_term_string"}}],"inLanguage":"fi"}]}},"_links":{"self":[{"href":"https:\/\/lasvaliimpuidu.ee\/fi\/wp-json\/wp\/v2\/pages\/317","targetHints":{"allow":["GET"]}}],"collection":[{"href":"https:\/\/lasvaliimpuidu.ee\/fi\/wp-json\/wp\/v2\/pages"}],"about":[{"href":"https:\/\/lasvaliimpuidu.ee\/fi\/wp-json\/wp\/v2\/types\/page"}],"author":[{"embeddable":true,"href":"https:\/\/lasvaliimpuidu.ee\/fi\/wp-json\/wp\/v2\/users\/1"}],"replies":[{"embeddable":true,"href":"https:\/\/lasvaliimpuidu.ee\/fi\/wp-json\/wp\/v2\/comments?post=317"}],"version-history":[{"count":13,"href":"https:\/\/lasvaliimpuidu.ee\/fi\/wp-json\/wp\/v2\/pages\/317\/revisions"}],"predecessor-version":[{"id":1230,"href":"https:\/\/lasvaliimpuidu.ee\/fi\/wp-json\/wp\/v2\/pages\/317\/revisions\/1230"}],"wp:attachment":[{"href":"https:\/\/lasvaliimpuidu.ee\/fi\/wp-json\/wp\/v2\/media?parent=317"}],"curies":[{"name":"wp","href":"https:\/\/api.w.org\/{rel}","templated":true}]}}